{"id":935,"date":"2021-05-12T20:00:15","date_gmt":"2021-05-12T20:00:15","guid":{"rendered":"https:\/\/oescweb.oesc-cseo.org\/?page_id=935"},"modified":"2021-08-20T15:17:50","modified_gmt":"2021-08-20T19:17:50","slug":"meetings-and-events","status":"publish","type":"page","link":"https:\/\/oesc-cseo.org\/fr-ca\/resources\/meetings-and-events\/","title":{"rendered":"Conf\u00e9rences et r\u00e9unions"},"content":{"rendered":"<p>[et_pb_section fb_built=\u201d1\u2033 admin_label=\u201dHeader\u201d _builder_version=\u201d4.9.4\u2033 background_image=\u201d\/wp-content\/uploads\/2021\/05\/AdobeStock_164683387-scaled-e1621430370160.jpeg\u201d parallax=\u201don\u201d height=\u201d60vh\u201d custom_margin=\u201d|||\u201d custom_padding=\u201d0px|0px|0px|0px|false|false\u201d custom_css_main_element=\u201ddisplay: flex;||align-items: flex-end;\u201d locked=\u201doff\u201d][et_pb_row column_structure=\u201d3_5,2_5\u2033 padding_top_bottom_link_1=\u201dfalse\u201d padding_left_right_link_1=\u201dtrue\u201d _builder_version=\u201d4.9.4\u2033 background_size=\u201dinitial\u201d background_position=\u201dtop_left\u201d background_repeat=\u201drepeat\u201d max_width=\u201d1160px\u201d custom_margin=\u201d||0px||false|false\u201d custom_padding=\u201d27px|0px|0|0px|false|false\u201d use_custom_width=\u201don\u201d custom_width_px=\u201d1160px\u201d locked=\u201doff\u201d][et_pb_column type=\u201d3_5\u2033 _builder_version=\u201d4.9.4\u2033 background_color=\u201d#ffffff\u201d custom_padding=\u201d40px|40px|0px|40px\u201d custom_css_main_element=\u201dwidth: auto !important;\u201d custom_padding__hover=\u201d|||\u201d][et_pb_text module_id=\u201dskip_content\u201d _builder_version=\u201d4.9.4\u2033 text_font=\u201d||||||||\u201d ul_font=\u201d||||||||\u201d ol_font=\u201d||||||||\u201d header_font=\u201d|700|||||||\u201d header_font_size=\u201d48px\u201d header_line_height=\u201d1.5em\u201d header_2_font=\u201d||||||||\u201d header_3_font=\u201dRubik|500||on|||||\u201d header_3_text_color=\u201d#005dab\u201d header_3_font_size=\u201d14px\u201d header_3_letter_spacing=\u201d2px\u201d header_3_line_height=\u201d2em\u201d header_4_font=\u201d||||||||\u201d header_5_font=\u201d||||||||\u201d header_6_font=\u201d||||||||\u201d custom_margin=\u201d0px||10px||false|false\u201d custom_padding=\u201d0px||0px||false|false\u201d header_font_size_tablet=\u201d38px\u201d header_font_size_phone=\u201d28px\u201d header_font_size_last_edited=\u201don|phone\u201d locked=\u201doff\u201d]<\/p>\n<h1 class=\"translation-block\">Conf\u00e9rences et r\u00e9unions<\/h1>\n<p>[\/et_pb_text][et_pb_divider color=\u201d#57a7f3\u2033 divider_weight=\u201d4px\u201d _builder_version=\u201d4.9.10\u2033 max_width=\u201d140px\u201d height=\u201d4px\u201d hover_enabled=\u201d0\u2033 locked=\u201doff\u201d sticky_enabled=\u201d0\u2033][\/et_pb_divider][\/et_pb_column][et_pb_column type=\u201d2_5\u2033 _builder_version=\u201d4.9.4\u2033 custom_padding=\u201d|||\u201d custom_css_main_element=\u201dwidth: auto !important;\u201d custom_padding__hover=\u201d|||\u201d][\/et_pb_column][\/et_pb_row][\/et_pb_section][et_pb_section fb_built=\u201d1\u2033 _builder_version=\u201d4.9.4\u2033 _module_preset=\u201ddefault\u201d background_color=\u201d#f6f6f6\u2033 min_height=\u201d600px\u201d custom_padding=\u201d||0px|||\u201d locked=\u201doff\u201d][et_pb_row _builder_version=\u201d4.9.4\u2033 _module_preset=\u201ddefault\u201d min_height=\u201d608px\u201d custom_margin=\u201d-46px|auto||auto||\u201d custom_padding=\u201d10px|||||\u201d][et_pb_column type=\u201d4_4\u2033 _builder_version=\u201d4.9.4\u2033 _module_preset=\u201ddefault\u201d][et_pb_text _builder_version=\u201d4.9.4\u2033 text_font=\u201d||||||||\u201d text_font_size=\u201d15px\u201d text_line_height=\u201d2em\u201d min_height=\u201d521px\u201d custom_margin=\u201d30px|||||\u201d custom_padding=\u201d25px|||||\u201d text_font_size_tablet=\u201d\u201d text_font_size_phone=\u201d14px\u201d text_font_size_last_edited=\u201don|phone\u201d locked=\u201doff\u201d]<\/p>\n<div>\n<h2><strong><span class=\"fontColorThemeDarker\">Table ronde provinciale des directions de l\u2019\u00e9ducation et des pr\u00e9sidences et vice-pr\u00e9sidences des conseils scolaires<\/span><\/strong><\/h2>\n<p>Le 9 f\u00e9vrier 2016<\/p>\n<div id=\"editor-43b3cf2a-528e-4415-83b9-d819131d0d63\" class=\"cke_editable\">\n<h3><strong><span class=\"fontColorThemeDarker\">Documents des ateliers<\/span><\/strong><\/h3>\n<h3><strong><span class=\"fontColorThemeDarker\">Allocution<\/span><\/strong><\/h3>\n<p>Dominic Giroux, recteur et vice-chancelier, Universit\u00e9 Laurentienne<\/p>\n<p><strong><a title=\"A link to youtube video is present.\" href=\"https:\/\/www.youtube.com\/watch?v=ikgFcOaNsNU\" target=\"_blank\" rel=\"noopener noreferrer\" data-interception=\"off\" data-cke-saved-href=\"https:\/\/www.youtube.com\/watch?v=ikgFcOaNsNU\">Vid\u00e9o<\/a><\/strong><strong><br>\n<a title=\"A link to a pdf document is present.\" href=\"\/wp-content\/uploads\/2021\/05\/Keynote-Dominic-Giroux-FR.pdf\" target=\"_blank\" rel=\"noopener noreferrer\" data-interception=\"off\">PDF<\/a><\/strong><\/p>\n<h3><strong>Groupe d\u2019experts \u00e0 la direction et \u00e0 la pr\u00e9sidence<\/strong><\/h3>\n<p>Animatrice : Marion Thomson Howell<\/p>\n<p><strong>Pan\u00e9listes :<br>\n<\/strong>Cathy Abraham, pr\u00e9sidente, Kawartha Pine Ridge District School Board<br>\n\u00c9dith Dumont, Director, Conseil des \u00e9coles publiques de l\u2019Est de l\u2019Ontario<br>\nBill Hall, pr\u00e9sident, London District Catholic School Board<br>\nJohanne Lacombe, pr\u00e9sidente, Conseil des \u00e9coles catholiques du Centre-Est<br>\nMartha Rogers, directrice, Upper Grand District School Board<\/p>\n<p><strong><a title=\"A link to youtube video is present.\" href=\"https:\/\/www.youtube.com\/watch?v=Jy6vfS1aSX8\" target=\"_blank\" rel=\"noopener noreferrer\" data-interception=\"off\" data-cke-saved-href=\"https:\/\/www.youtube.com\/watch?v=Jy6vfS1aSX8\">Vid\u00e9o<\/a><\/strong><\/p>\n<\/div>\n<\/div>\n<p>[\/et_pb_text][\/et_pb_column][\/et_pb_row][\/et_pb_section][et_pb_section fb_built=\u201d1\u2033 _builder_version=\u201d4.9.4\u2033 _module_preset=\u201ddefault\u201d background_color=\u201d#FFFFFF\u201d custom_padding=\u201d||0px|||\u201d locked=\u201doff\u201d][et_pb_row _builder_version=\u201d4.9.4\u2033 _module_preset=\u201ddefault\u201d min_height=\u201d310px\u201d custom_margin=\u201d-61px|auto||auto||\u201d][et_pb_column type=\u201d4_4\u2033 _builder_version=\u201d4.9.4\u2033 _module_preset=\u201ddefault\u201d][et_pb_text _builder_version=\u201d4.9.4\u2033 text_font=\u201d||||||||\u201d text_font_size=\u201d15px\u201d text_line_height=\u201d2em\u201d min_height=\u201d1201px\u201d custom_margin=\u201d48px|||||\u201d text_font_size_tablet=\u201d\u201d text_font_size_phone=\u201d14px\u201d text_font_size_last_edited=\u201don|phone\u201d locked=\u201doff\u201d]<\/p>\n<div>\n<h2><span class=\"fontColorThemeDarker\"><strong>Approfondir la compr\u00e9hension pour \u00e9largir l\u2019accueil : Conf\u00e9rence sur l\u2019\u00e9quit\u00e9 et l\u2019\u00e9ducation inclusive, partie II<\/strong><\/span><\/h2>\n<p>Les 26 et 27 janvier 2011<\/p>\n<div data-automation-id=\"textBox\" class=\"cke_editable rte--read\">\n<h3><span class=\"fontColorThemeDarker\"><strong>Documents des ateliers<\/strong><\/span><\/h3>\n<h3><span class=\"fontColorThemeDarker\"><strong>S\u00e9ance pl\u00e9ni\u00e8re<\/strong><\/span><\/h3>\n<p><em><a data-interception=\"off\" title=\"A link to a pdf document is present.\" href=\"\/wp-content\/uploads\/2021\/05\/PuttingItAllTogether.pdf\" target=\"_blank\" rel=\"noopener noreferrer\">Putting it all Together \u2014 Deepening the Culture of Inclusion and Caring<\/a><\/em><br>Garry Campbell, consultant en \u00e9ducation<\/p>\n<p><em><a data-interception=\"off\" title=\"A link to a pdf document is present.\" href=\"\/wp-content\/uploads\/2021\/05\/FrLanguageEdInOnt.pdf\" target=\"_blank\" rel=\"noopener noreferrer\">French Language Education in Ontario, A francophone perspective on Equity and Inclusive Education<\/a><\/em><br>Mario Lajoie, Directeur ex\u00e9cutif, Planification, imputabilit\u00e9 et concertation strat\u00e9gique, Conseil des \u00e9coles catholiques du Centre-Est<\/p>\n<h3><span class=\"fontColorThemeDarker\"><strong>Ateliers<\/strong><\/span><\/h3>\n<p><em><a data-interception=\"off\" title=\"A link to a pdf document is present.\" href=\"\/wp-content\/uploads\/2021\/05\/CreatingInclusiveEnvironments-PeelsJourney.pdf\" target=\"_blank\" rel=\"noopener noreferrer\">Creating Inclusive Environments \u2014 Peel\u2019s Journey<\/a><\/em><br>Mary Samuel, agente de perfectionnement du personnel en mati\u00e8re d\u2019\u00e9quit\u00e9, Peel District School Board<\/p>\n<p><em><a data-interception=\"off\" title=\"A link to a pdf document is present.\" href=\"\/wp-content\/uploads\/2021\/05\/StudentDisciplineUnderTheCode.pdf\" target=\"_blank\" rel=\"noopener noreferrer\">Student Discipline under the Code and Equity Strategy<\/a><\/em><br>Shaheen Azmi, directeur int\u00e9rimaire, et Evadne Macedo, analyste principale des politiques, Direction des politiques, de l\u2019\u00e9ducation, de la surveillance et de la sensibilisation, Commission ontarienne des droits de la personne<\/p>\n<p><em><a data-interception=\"off\" title=\"A link to a pdf document is present.\" href=\"\/wp-content\/uploads\/2021\/05\/ChallengeInequityJan2011.pdf\" target=\"_blank\" rel=\"noopener noreferrer\">Challenge (In)Equity! Re-Affirming Our Vocation to Education and Commitment to the Service of Students<\/a><\/em><br>Chris D\u2019Souza, Course Director, Faculty of Education, York University<\/p>\n<p><em><a data-interception=\"off\" title=\"A link to a pdf document is present.\" href=\"\/wp-content\/uploads\/2021\/05\/SafeAtSchool.pdf\" target=\"_blank\" rel=\"noopener noreferrer\">Safe@School: Equity and Inclusive Education<\/a><\/em><br>Lisa Weintraub, directrice adjointe, et Charline Rowan, directrice de la formation, Centre ontarien de pr\u00e9vention des agressions (COPA)<\/p>\n<p><em><a data-interception=\"off\" title=\"A link to a pdf document is present.\" href=\"\/wp-content\/uploads\/2021\/05\/ReconcilingCompetingRights.pdf\" target=\"_blank\" rel=\"noopener noreferrer\">Reconciling Competing Rights: A Draft Framework for Organizations<\/a><\/em><br>Shaheen Azmi, directeur int\u00e9rimaire, et Evadne Macedo, analyste principale des politiques, Direction des politiques, de l\u2019\u00e9ducation, de la surveillance et de la sensibilisation, Commission ontarienne des droits de la personne<\/p>\n<p><em><a data-interception=\"off\" title=\"A link to a pdf document is present.\" href=\"\/wp-content\/uploads\/2021\/05\/LGBTQoutloud.pdf\" target=\"_blank\" rel=\"noopener noreferrer\">LGBTQ Outloud<\/a><\/em><br>Deepa Ahluwalia, agente d\u2019\u00e9quit\u00e9 et d\u2019inclusion, Waterloo Region District School Board, et Brooke Young, directrice de l\u2019assurance de la qualit\u00e9, Kitchener-Waterloo Counselling Services<\/p>\n<p><em><a data-interception=\"off\" title=\"A link to a pdf document is present.\" href=\"\/wp-content\/uploads\/2021\/05\/ChallengeInequity-FaithAccommodations.pdf\" target=\"_blank\" rel=\"noopener noreferrer\">Challenge (In)Equity! Faith Accommodations<\/a><\/em><br>Chris D\u2019Souza, Course Director, Faculty of Education, York University and Suzanne Muir, Equity and Inclusive Education Coordinator, Halton District School Board<\/p>\n<h3><span class=\"fontColorThemeDarker\"><strong>Perspective juridique<\/strong><\/span><\/h3>\n<p>Eric Roher, Borden Ladner Gervais LLP, et s\u0153ur Joan Cronin, Institute for Catholic Education<br><em><a data-interception=\"off\" title=\"A link to a pdf document is present.\" href=\"\/wp-content\/uploads\/2021\/05\/LegalPerspective-EricRoher.pdf\" target=\"_blank\" rel=\"noopener noreferrer\">English Catholic Boards<\/a><\/em><\/p>\n<p>John-Paul Alexandrowicz, Hicks Morley LLP<br><em><a data-interception=\"off\" title=\"A link to a pdf document is present.\" href=\"\/wp-content\/uploads\/2021\/05\/LegalPerspective-John-Paul.pdf\" target=\"_blank\" rel=\"noopener noreferrer\">Conseils scolaires publics de langue fran\u00e7aise<\/a><\/em><\/p>\n<p>Paul Marshall, Emond Harnden LLP<br><em><a data-interception=\"off\" title=\"A link to a pdf document is present.\" href=\"\/wp-content\/uploads\/2021\/05\/LegalPerspective-PaulMarshall.pdf\" target=\"_blank\" rel=\"noopener noreferrer\">Conseils scolaires catholiques de langue fran\u00e7aise<\/a><\/em><\/p>\n<\/div>\n<\/div>\n<p>[\/et_pb_text][\/et_pb_column][\/et_pb_row][\/et_pb_section]<\/p>","protected":false},"excerpt":{"rendered":"<p>Meetings &amp; Events -Archived Items Provincial Round Table for Board Chairs, Vice-Chairs and Directors of Education February 9, 2016 Workshop Materials Keynote Presentation Dominic Giroux, President and Vice-Chancellor, Laurentian University Video PDF Expert Panel of Board Chairs and Directors of Education Facilitator: Marion Thomson Howell Panellists: Cathy Abraham,\u00a0Chair, Kawartha Pine Ridge District School Board \u00c9dith [&hellip;]<\/p>","protected":false},"author":4,"featured_media":0,"parent":454,"menu_order":0,"comment_status":"closed","ping_status":"closed","template":"","meta":{"_et_pb_use_builder":"on","_et_pb_old_content":"","_et_gb_content_width":"","footnotes":""},"class_list":["post-935","page","type-page","status-publish","hentry"],"yoast_head":"<!-- This site is optimized with the Yoast SEO plugin v24.4 - https:\/\/yoast.com\/wordpress\/plugins\/seo\/ -->\n<title>Meetings and Events - Ontario Education Services Corporation<\/title>\n<meta name=\"robots\" content=\"index, follow, max-snippet:-1, max-image-preview:large, max-video-preview:-1\" \/>\n<link rel=\"canonical\" href=\"https:\/\/oesc-cseo.org\/fr-ca\/resources\/meetings-and-events\/\" \/>\n<meta property=\"og:locale\" content=\"fr_CA\" \/>\n<meta property=\"og:type\" content=\"article\" \/>\n<meta property=\"og:title\" content=\"Meetings and Events - Ontario Education Services Corporation\" \/>\n<meta property=\"og:description\" content=\"Meetings &amp; Events -Archived Items Provincial Round Table for Board Chairs, Vice-Chairs and Directors of Education February 9, 2016 Workshop Materials Keynote Presentation Dominic Giroux, President and Vice-Chancellor, Laurentian University Video PDF Expert Panel of Board Chairs and Directors of Education Facilitator: Marion Thomson Howell Panellists: Cathy Abraham,\u00a0Chair, Kawartha Pine Ridge District School Board \u00c9dith [&hellip;]\" \/>\n<meta property=\"og:url\" content=\"https:\/\/oesc-cseo.org\/fr-ca\/resources\/meetings-and-events\/\" \/>\n<meta property=\"og:site_name\" content=\"Ontario Education Services Corporation\" \/>\n<meta property=\"article:modified_time\" content=\"2021-08-20T19:17:50+00:00\" \/>\n<meta name=\"twitter:card\" content=\"summary_large_image\" \/>\n<script type=\"application\/ld+json\" class=\"yoast-schema-graph\">{\"@context\":\"https:\/\/schema.org\",\"@graph\":[{\"@type\":\"WebPage\",\"@id\":\"https:\/\/oesc-cseo.org\/resources\/meetings-and-events\/\",\"url\":\"https:\/\/oesc-cseo.org\/resources\/meetings-and-events\/\",\"name\":\"Meetings and Events - Ontario Education Services Corporation\",\"isPartOf\":{\"@id\":\"https:\/\/oesc-cseo.org\/#website\"},\"datePublished\":\"2021-05-12T20:00:15+00:00\",\"dateModified\":\"2021-08-20T19:17:50+00:00\",\"breadcrumb\":{\"@id\":\"https:\/\/oesc-cseo.org\/resources\/meetings-and-events\/#breadcrumb\"},\"inLanguage\":\"fr-CA\",\"potentialAction\":[{\"@type\":\"ReadAction\",\"target\":[\"https:\/\/oesc-cseo.org\/resources\/meetings-and-events\/\"]}]},{\"@type\":\"BreadcrumbList\",\"@id\":\"https:\/\/oesc-cseo.org\/resources\/meetings-and-events\/#breadcrumb\",\"itemListElement\":[{\"@type\":\"ListItem\",\"position\":1,\"name\":\"Home\",\"item\":\"https:\/\/oesc-cseo.org\/\"},{\"@type\":\"ListItem\",\"position\":2,\"name\":\"Resources\",\"item\":\"https:\/\/oesc-cseo.org\/resources\/\"},{\"@type\":\"ListItem\",\"position\":3,\"name\":\"Meetings and Events\"}]},{\"@type\":\"WebSite\",\"@id\":\"https:\/\/oesc-cseo.org\/#website\",\"url\":\"https:\/\/oesc-cseo.org\/\",\"name\":\"Ontario Education Services Corporation\",\"description\":\"\",\"publisher\":{\"@id\":\"https:\/\/oesc-cseo.org\/#organization\"},\"potentialAction\":[{\"@type\":\"SearchAction\",\"target\":{\"@type\":\"EntryPoint\",\"urlTemplate\":\"https:\/\/oesc-cseo.org\/?s={search_term_string}\"},\"query-input\":{\"@type\":\"PropertyValueSpecification\",\"valueRequired\":true,\"valueName\":\"search_term_string\"}}],\"inLanguage\":\"fr-CA\"},{\"@type\":\"Organization\",\"@id\":\"https:\/\/oesc-cseo.org\/#organization\",\"name\":\"Ontario Education Services Corporation\",\"url\":\"https:\/\/oesc-cseo.org\/\",\"logo\":{\"@type\":\"ImageObject\",\"inLanguage\":\"fr-CA\",\"@id\":\"https:\/\/oesc-cseo.org\/#\/schema\/logo\/image\/\",\"url\":\"\/wp-content\/uploads\/2021\/04\/OESClogo_icon_title_ylw_nvy.png\",\"contentUrl\":\"\/wp-content\/uploads\/2021\/04\/OESClogo_icon_title_ylw_nvy.png\",\"width\":4093,\"height\":2024,\"caption\":\"Ontario Education Services Corporation\"},\"image\":{\"@id\":\"https:\/\/oesc-cseo.org\/#\/schema\/logo\/image\/\"},\"sameAs\":[\"https:\/\/www.linkedin.com\/company\/ontario-education-services-corporation\/\"]}]}<\/script>\n<!-- \/ Yoast SEO plugin. -->","yoast_head_json":{"title":"Meetings and Events - Ontario Education Services Corporation","robots":{"index":"index","follow":"follow","max-snippet":"max-snippet:-1","max-image-preview":"max-image-preview:large","max-video-preview":"max-video-preview:-1"},"canonical":"https:\/\/oesc-cseo.org\/fr-ca\/resources\/meetings-and-events\/","og_locale":"fr_CA","og_type":"article","og_title":"Meetings and Events - Ontario Education Services Corporation","og_description":"Meetings &amp; Events -Archived Items Provincial Round Table for Board Chairs, Vice-Chairs and Directors of Education February 9, 2016 Workshop Materials Keynote Presentation Dominic Giroux, President and Vice-Chancellor, Laurentian University Video PDF Expert Panel of Board Chairs and Directors of Education Facilitator: Marion Thomson Howell Panellists: Cathy Abraham,\u00a0Chair, Kawartha Pine Ridge District School Board \u00c9dith [&hellip;]","og_url":"https:\/\/oesc-cseo.org\/fr-ca\/resources\/meetings-and-events\/","og_site_name":"Ontario Education Services Corporation","article_modified_time":"2021-08-20T19:17:50+00:00","twitter_card":"summary_large_image","schema":{"@context":"https:\/\/schema.org","@graph":[{"@type":"WebPage","@id":"https:\/\/oesc-cseo.org\/resources\/meetings-and-events\/","url":"https:\/\/oesc-cseo.org\/resources\/meetings-and-events\/","name":"Meetings and Events - Ontario Education Services Corporation","isPartOf":{"@id":"https:\/\/oesc-cseo.org\/#website"},"datePublished":"2021-05-12T20:00:15+00:00","dateModified":"2021-08-20T19:17:50+00:00","breadcrumb":{"@id":"https:\/\/oesc-cseo.org\/resources\/meetings-and-events\/#breadcrumb"},"inLanguage":"fr-CA","potentialAction":[{"@type":"ReadAction","target":["https:\/\/oesc-cseo.org\/resources\/meetings-and-events\/"]}]},{"@type":"BreadcrumbList","@id":"https:\/\/oesc-cseo.org\/resources\/meetings-and-events\/#breadcrumb","itemListElement":[{"@type":"ListItem","position":1,"name":"Home","item":"https:\/\/oesc-cseo.org\/"},{"@type":"ListItem","position":2,"name":"Resources","item":"https:\/\/oesc-cseo.org\/resources\/"},{"@type":"ListItem","position":3,"name":"Meetings and Events"}]},{"@type":"WebSite","@id":"https:\/\/oesc-cseo.org\/#website","url":"https:\/\/oesc-cseo.org\/","name":"Ontario Education Services Corporation","description":"","publisher":{"@id":"https:\/\/oesc-cseo.org\/#organization"},"potentialAction":[{"@type":"SearchAction","target":{"@type":"EntryPoint","urlTemplate":"https:\/\/oesc-cseo.org\/?s={search_term_string}"},"query-input":{"@type":"PropertyValueSpecification","valueRequired":true,"valueName":"search_term_string"}}],"inLanguage":"fr-CA"},{"@type":"Organization","@id":"https:\/\/oesc-cseo.org\/#organization","name":"Ontario Education Services Corporation","url":"https:\/\/oesc-cseo.org\/","logo":{"@type":"ImageObject","inLanguage":"fr-CA","@id":"https:\/\/oesc-cseo.org\/#\/schema\/logo\/image\/","url":"\/wp-content\/uploads\/2021\/04\/OESClogo_icon_title_ylw_nvy.png","contentUrl":"\/wp-content\/uploads\/2021\/04\/OESClogo_icon_title_ylw_nvy.png","width":4093,"height":2024,"caption":"Ontario Education Services Corporation"},"image":{"@id":"https:\/\/oesc-cseo.org\/#\/schema\/logo\/image\/"},"sameAs":["https:\/\/www.linkedin.com\/company\/ontario-education-services-corporation\/"]}]}},"_links":{"self":[{"href":"https:\/\/oesc-cseo.org\/fr-ca\/wp-json\/wp\/v2\/pages\/935","targetHints":{"allow":["GET"]}}],"collection":[{"href":"https:\/\/oesc-cseo.org\/fr-ca\/wp-json\/wp\/v2\/pages"}],"about":[{"href":"https:\/\/oesc-cseo.org\/fr-ca\/wp-json\/wp\/v2\/types\/page"}],"author":[{"embeddable":true,"href":"https:\/\/oesc-cseo.org\/fr-ca\/wp-json\/wp\/v2\/users\/4"}],"replies":[{"embeddable":true,"href":"https:\/\/oesc-cseo.org\/fr-ca\/wp-json\/wp\/v2\/comments?post=935"}],"version-history":[{"count":0,"href":"https:\/\/oesc-cseo.org\/fr-ca\/wp-json\/wp\/v2\/pages\/935\/revisions"}],"up":[{"embeddable":true,"href":"https:\/\/oesc-cseo.org\/fr-ca\/wp-json\/wp\/v2\/pages\/454"}],"wp:attachment":[{"href":"https:\/\/oesc-cseo.org\/fr-ca\/wp-json\/wp\/v2\/media?parent=935"}],"curies":[{"name":"wp","href":"https:\/\/api.w.org\/{rel}","templated":true}]}}