{"id":582,"date":"2021-05-10T20:24:45","date_gmt":"2021-05-10T20:24:45","guid":{"rendered":"https:\/\/oescweb.oesc-cseo.org\/?page_id=582"},"modified":"2024-04-22T11:04:02","modified_gmt":"2024-04-22T15:04:02","slug":"accessibility-for-ontarians","status":"publish","type":"page","link":"https:\/\/oesc-cseo.org\/fr-ca\/resources\/accessibility-for-ontarians\/","title":{"rendered":"Accessibilit\u00e9 pour les personnes handicap\u00e9es de l\u2019Ontario"},"content":{"rendered":"<p>[et_pb_section fb_built=\u201d1\u2033 admin_label=\u201dHeader\u201d _builder_version=\u201d4.16\u2033 background_image=\u201d\/wp-content\/uploads\/2021\/05\/AdobeStock_164683387-scaled-e1621430370160.jpeg\u201d parallax=\u201don\u201d height=\u201d60vh\u201d custom_margin=\u201d|||\u201d custom_padding=\u201d0px|0px|0px|0px|false|false\u201d background_last_edited=\u201don|desktop\u201d custom_css_main_element=\u201ddisplay: flex;||align-items: flex-end;\u201d locked=\u201doff\u201d global_colors_info=\u201d{}\u201d][et_pb_row column_structure=\u201d3_5,2_5\u2033 padding_top_bottom_link_1=\u201dfalse\u201d padding_left_right_link_1=\u201dtrue\u201d _builder_version=\u201d4.16\u2033 background_size=\u201dinitial\u201d background_position=\u201dtop_left\u201d background_repeat=\u201drepeat\u201d max_width=\u201d1160px\u201d custom_margin=\u201d||0px||false|false\u201d custom_padding=\u201d27px|0px|0|0px|false|false\u201d use_custom_width=\u201don\u201d custom_width_px=\u201d1160px\u201d locked=\u201doff\u201d global_colors_info=\u201d{}\u201d][et_pb_column type=\u201d3_5\u2033 _builder_version=\u201d4.16\u2033 background_color=\u201d#ffffff\u201d custom_padding=\u201d40px|40px|0px|40px\u201d custom_css_main_element=\u201dwidth: auto !important;\u201d global_colors_info=\u201d{}\u201d custom_padding__hover=\u201d|||\u201d][et_pb_text module_id=\u201dskip_content\u201d _builder_version=\u201d4.16\u2033 text_font=\u201d||||||||\u201d ul_font=\u201d||||||||\u201d ol_font=\u201d||||||||\u201d header_font=\u201d|700|||||||\u201d header_font_size=\u201d48px\u201d header_line_height=\u201d1.5em\u201d header_2_font=\u201d||||||||\u201d header_3_font=\u201dRubik|500||on|||||\u201d header_3_text_color=\u201d#005dab\u201d header_3_font_size=\u201d14px\u201d header_3_letter_spacing=\u201d2px\u201d header_3_line_height=\u201d2em\u201d header_4_font=\u201d||||||||\u201d header_5_font=\u201d||||||||\u201d header_6_font=\u201d||||||||\u201d custom_margin=\u201d0px||10px||false|false\u201d custom_padding=\u201d0px||0px||false|false\u201d header_font_size_tablet=\u201d38px\u201d header_font_size_phone=\u201d28px\u201d header_font_size_last_edited=\u201don|phone\u201d locked=\u201doff\u201d global_colors_info=\u201d{}\u201d]<\/p>\n<h1 class=\"text-align-center translation-block\">Accessibilit\u00e9 pour les personnes<br> handicap\u00e9es de l\u2019Ontario<\/h1>\n<p>[\/et_pb_text][et_pb_divider color=\u201d#57a7f3\u2033 divider_weight=\u201d4px\u201d _builder_version=\u201d4.16\u2033 max_width=\u201d140px\u201d height=\u201d4px\u201d locked=\u201doff\u201d global_colors_info=\u201d{}\u201d][\/et_pb_divider][\/et_pb_column][et_pb_column type=\u201d2_5\u2033 _builder_version=\u201d4.16\u2033 custom_padding=\u201d|||\u201d custom_css_main_element=\u201dwidth: auto !important;\u201d global_colors_info=\u201d{}\u201d custom_padding__hover=\u201d|||\u201d][\/et_pb_column][\/et_pb_row][\/et_pb_section][et_pb_section fb_built=\u201d1\u2033 _builder_version=\u201d4.16\u2033 _module_preset=\u201ddefault\u201d custom_padding=\u201d||0px|||\u201d locked=\u201doff\u201d global_colors_info=\u201d{}\u201d][et_pb_row _builder_version=\u201d4.16\u2033 _module_preset=\u201ddefault\u201d global_colors_info=\u201d{}\u201d][et_pb_column type=\u201d4_4\u2033 _builder_version=\u201d4.16\u2033 _module_preset=\u201ddefault\u201d global_colors_info=\u201d{}\u201d][et_pb_text _builder_version=\u201d4.16\u2033 text_font=\u201d||||||||\u201d text_font_size=\u201d15px\u201d text_line_height=\u201d2em\u201d text_font_size_tablet=\u201d\u201d text_font_size_phone=\u201d14px\u201d text_font_size_last_edited=\u201don|phone\u201d locked=\u201doff\u201d global_colors_info=\u201d{}\u201d]The <em>Loi de 2005 sur l\u2019accessibilit\u00e9 pour les personnes handicap\u00e9es de l\u2019Ontario<\/em> (LAPHO) est une loi proactive qui pr\u00e9voit l\u2019\u00e9laboration de normes en vue de rendre l\u2019Ontario enti\u00e8rement accessible d\u2019ici 2025. En vertu de cette loi, les normes suivantes ont \u00e9t\u00e9 \u00e9labor\u00e9es :<\/p>\n<ul>\n<li>Normes d\u2019accessibilit\u00e9 pour les services \u00e0 la client\u00e8le<\/li>\n<li>Normes d\u2019accessibilit\u00e9 pour l\u2019information et les communications<\/li>\n<li>Normes d\u2019accessibilit\u00e9 pour l\u2019emploi<\/li>\n<li>Normes d\u2019accessibilit\u00e9 pour le transport<\/li>\n<li>Normes d\u2019accessibilit\u00e9 au milieu b\u00e2ti<\/li>\n<\/ul>\n<p>Les quatre associations de conseils scolaires de l\u2019Ontario ont reconnu qu\u2019il \u00e9tait important que le secteur des conseils scolaires soit repr\u00e9sent\u00e9 pendant que le gouvernement \u00e9laborait les normes pour la mise en \u0153uvre de la LAPHO. Par l\u2019entremise de l\u2019OPSBA, la CSEO a si\u00e9g\u00e9 \u00e0 tous les comit\u00e9s charg\u00e9s d\u2019\u00e9laborer ces normes.<\/p>\n<p>En 2011, les normes d\u2019accessibilit\u00e9 pour l\u2019information et les communications, pour l\u2019emploi, pour le transport et pour les services \u00e0 la client\u00e8le ont \u00e9t\u00e9 combin\u00e9es dans le <em>R\u00e8glement sur les normes d\u2019accessibilit\u00e9 int\u00e9gr\u00e9es<\/em> (RNAI), qui est entr\u00e9 en vigueur la m\u00eame ann\u00e9e. En d\u00e9cembre\u00a02012, le RNAI a \u00e9t\u00e9 \u00e9largi pour inclure les normes d\u2019accessibilit\u00e9 pour la conception des espaces publics, qui \u00e9taient incluses jusque-l\u00e0 dans les normes d\u2019accessibilit\u00e9 au milieu b\u00e2ti.<\/p>\n<p>Afin d\u2019aider les conseils scolaires \u00e0 mettre en \u0153uvre les diverses exigences r\u00e9glementaires relatives \u00e0 la LAPHO, la CSEO a collabor\u00e9 avec les associations de conseils scolaires, la Direction g\u00e9n\u00e9rale de l\u2019accessibilit\u00e9 pour l\u2019Ontario et l\u2019Association des \u00e9l\u00e8ves conseillers et conseill\u00e8res de l\u2019Ontario pour concevoir la vid\u00e9o et les modules dont il est question ci-apr\u00e8s.<\/p>\n<h2><strong>Vid\u00e9o<\/strong><\/h2>\n<p class=\"translation-block\"><strong><a href=\"https:\/\/vimeo.com\/191661829\" target=\"_blank\" rel=\"noopener\" data-interception=\"off\" data-cke-saved-href=\"https:\/\/vimeo.com\/191661829\">Pour la pleine mesure<\/a><\/strong> \u2013 Cette vid\u00e9o pr\u00e9sente des initiatives fructueuses, dirig\u00e9es par des \u00e9l\u00e8ves et des membres du personnel, qui font de l\u2019accessibilit\u00e9 une partie int\u00e9grante de la culture des \u00e9coles de l\u2019Ontario. Elle est utilis\u00e9e partout dans la province pour sensibiliser les gens aux enjeux li\u00e9s \u00e0 l\u2019accessibilit\u00e9 et pour mobiliser les \u00e9l\u00e8ves afin qu\u2019ils contribuent \u00e0 remplir l\u2019engagement de rendre l\u2019Ontario enti\u00e8rement accessible d\u2019ici\u00a02025.<\/p>\n<h2><strong>Modules<\/strong><\/h2>\n<p class=\"translation-block\"><strong><a href=\"\/fr-ca\/video-resources\/#accessibility\" target=\"_blank\" rel=\"noopener\" data-interception=\"off\">Comment puis-je vous aider?<\/a><\/strong> \u2013 Ce module vise \u00e0 aider les conseils scolaires \u00e0 se conformer \u00e0 certaines exigences du <em>R\u00e8glement sur les normes d\u2019accessibilit\u00e9 int\u00e9gr\u00e9es<\/em>.<\/p>\n<p class=\"translation-block\"><strong><a href=\"http:\/\/www.theteachableproject.org\/fr\" target=\"_blank\" rel=\"noopener\" data-interception=\"off\">Projet FormAcc\u00e8s<\/a><\/strong> \u2013 Ce site Web complet, illustr\u00e9 de vid\u00e9os mettant en vedette des \u00e9l\u00e8ves et des membres du personnel de nombreuses \u00e9coles de l\u2019Ontario, est con\u00e7u pour aider les conseils scolaires \u00e0 incorporer la notion d\u2019accessibilit\u00e9 dans les milieux d\u2019apprentissage et d\u2019enseignement.<\/p>\n<div class=\"en-only\" style=\"padding-top: 10px;\">\n<h2><strong>Ressources additionnelles<\/strong><\/h2>\n<p><a href=\"https:\/\/www.opsba.org\/advocacy-and-action\/accessible-schools-customer-service-guide\/\" target=\"_blank\" rel=\"noopener noreferrer\" data-interception=\"off\">Accessible Schools: Leading The Way<\/a> \u2013 an implementation Resource Guide<br>\n<strong>Sample documents<\/strong><\/p>\n<ul>\n<li><a title=\"A link to a pdf document is present.\" href=\"\/wp-content\/uploads\/2021\/05\/IntegratedAccessibilityRegChartOfRequirements10-12.pdf\" target=\"_blank\" rel=\"noopener noreferrer\" data-interception=\"off\">Chart of Requirements for School Boards<\/a><\/li>\n<li><a title=\"A link to Microsoft Word document is present.\" href=\"\/wp-content\/uploads\/2021\/05\/IntegratedAccessibilityPolicyStatement.doc\" target=\"_blank\" rel=\"noopener noreferrer\">Accessibility Policy Statement<\/a><\/li>\n<li><a title=\"A link to Microsoft Word document is present.\" href=\"\/wp-content\/uploads\/2021\/05\/MultiYearAccessibilityPlan.doc\" target=\"_blank\" rel=\"noopener noreferrer\" data-interception=\"off\">Multi-Year Accessibility Plan<\/a><\/li>\n<li><a title=\"A link to Microsoft Word document is present.\" href=\"\/wp-content\/uploads\/2021\/05\/ProcedureAccessibleInfoCommunications.doc\" target=\"_blank\" rel=\"noopener noreferrer\" data-interception=\"off\">Procedure for Accessible Information and Communications<\/a><\/li>\n<li><a title=\"A link to Microsoft Word document is present.\" href=\"\/wp-content\/uploads\/2021\/05\/ProcedureAccessibleEmployment.doc\" target=\"_blank\" rel=\"noopener noreferrer\" data-interception=\"off\">Procedure for Accessible Employment<\/a><\/li>\n<li><a title=\"A link to Microsoft Word document is present.\" href=\"\/wp-content\/uploads\/2021\/05\/ProcedureAccessibleStudentTransportation.doc\" target=\"_blank\" rel=\"noopener noreferrer\" data-interception=\"off\">Procedure for Accessible Student Transportation<\/a><\/li>\n<li><a title=\"A link to Microsoft Word document is present.\" href=\"\/wp-content\/uploads\/2021\/05\/StudentTransportationAccessibilityPlan.doc\" target=\"_blank\" rel=\"noopener noreferrer\" data-interception=\"off\">Development of Individual Student Transportation Plan<\/a><\/li>\n<\/ul>\n<p><strong>Submissions to the Minister of Community and Social Services<\/strong><\/p>\n<ul>\n<li><a title=\"A link to a pdf document is present.\" href=\"\/wp-content\/uploads\/2021\/05\/AODA_OPSBA-OCSTA_SubmissionOnProposedABE.pdf\" target=\"_blank\" rel=\"noopener noreferrer\" data-interception=\"off\">OPSBA and OCSTA joint response to Proposed Accessible Built Environment Standard<\/a>* (71K PDF)<\/li>\n<li><a title=\"A link to a pdf document is present.\" href=\"\/wp-content\/uploads\/2021\/05\/AODA_Joint_Submission_on_Proposed_Accessibility_in_Employment_Standard.pdf\" target=\"_blank\" rel=\"noopener noreferrer\" data-interception=\"off\">Joint response to Proposed Accessibility in Employment Standard<\/a>\u00a0(97K PDF)<\/li>\n<li><a title=\"A link to a pdf document is present.\" href=\"\/wp-content\/uploads\/2021\/05\/AODA_Joint_Submission_on_Proposed_Information_and_Communications_Standard.pdf\" target=\"_blank\" rel=\"noopener noreferrer\" data-interception=\"off\">Joint response to Proposed Standard for Accessible Information and Communication<\/a> (57K PDF)<\/li>\n<li><a title=\"A link to a pdf document is present.\" href=\"\/wp-content\/uploads\/2021\/05\/AODA_OPSBA_Response_to_Accessible_Transportation-public_review.pdf\" target=\"_blank\" rel=\"noopener noreferrer\" data-interception=\"off\">Letter to Minister re Proposed Standard for Accessible Transportation<\/a> (19K PDF)<\/li>\n<li><a title=\"A link to a pdf document is present.\" href=\"\/wp-content\/uploads\/2021\/05\/AODA_Joint_written_submission_Customer_Service_Standard.pdf\" target=\"_blank\" rel=\"noopener noreferrer\" data-interception=\"off\">Joint response to Proposed Customer Service Standard<\/a> (43K PDF)<\/li>\n<\/ul>\n<\/div>\n<div class=\"fr-only\" style=\"padding-top: 10px;\">\n<h2><strong>Mod\u00e8les de documents<\/strong><\/h2>\n<ul>\n<li><a href=\"\/wp-content\/uploads\/2021\/05\/IntegratedAccessibilityChartOfRequirements10-12Fr.pdf\" target=\"_blank\" rel=\"noopener noreferrer\" data-interception=\"off\">Tableau des obligations de chaque conseil scolaire<\/a><\/li>\n<li><a href=\"\/wp-content\/uploads\/2021\/05\/IntegratedAccessibilityPolicyStatementFr.docx\" target=\"_blank\" rel=\"noopener noreferrer\" data-interception=\"off\">\u00c9nonc\u00e9 de politique sur les normes d\u2019accessibilit\u00e9<\/a><\/li>\n<li><a href=\"\/wp-content\/uploads\/2021\/05\/MultiYearAccessibilityPlanFr.docx\" target=\"_blank\" rel=\"noopener noreferrer\" data-interception=\"off\">Plan d\u2019accessibilit\u00e9 pluriannuel<\/a><\/li>\n<li><a href=\"\/wp-content\/uploads\/2021\/05\/ProcedureAccessibleInfoCommunicationsFr.docx\" target=\"_blank\" rel=\"noopener noreferrer\" data-interception=\"off\">Directive administrative sur la fourniture de services d\u2019information et de communications accessibles<\/a><\/li>\n<li><a href=\"\/wp-content\/uploads\/2021\/05\/ProcedureAccessibleEmploymentFr.docx\" target=\"_blank\" rel=\"noopener noreferrer\" data-interception=\"off\">Directive administrative sur l\u2019accessibilit\u00e9 pour l\u2019emploi<\/a><\/li>\n<li><a href=\"\/wp-content\/uploads\/2021\/05\/ProcedureAccessibleStudentTransportationFr.docx\" target=\"_blank\" rel=\"noopener noreferrer\" data-interception=\"off\">Politique et directive administrative sur la fourniture de services de transport scolaire accessibles<\/a><\/li>\n<li><a href=\"\/wp-content\/uploads\/2021\/05\/StudentTransportationAccessibilityPlanFr.docx\" target=\"_blank\" rel=\"noopener noreferrer\" data-interception=\"off\">Plan de transport scolaire individualis\u00e9 pour les \u00e9l\u00e8ves ayant des besoins particuliers<\/a><\/li>\n<\/ul>\n<\/div>\n<p>[\/et_pb_text][\/et_pb_column][\/et_pb_row][\/et_pb_section]<\/p>","protected":false},"excerpt":{"rendered":"<p>Accessibilityfor OntariansThe Accessibility for Ontarians with Disabilities Act, 2005 (AODA) is proactive legislation that calls for Standards in Accessibility intended to make Ontario accessible by the year 2025. Under this legislation the following Standards were developed: Accessible Customer Service Accessible Information and Communication Accessibility in Employment Accessible Transportation Accessible Built Environment Ontario&#8217;s four trustee\/school board [&hellip;]<\/p>","protected":false},"author":4,"featured_media":0,"parent":454,"menu_order":0,"comment_status":"closed","ping_status":"closed","template":"","meta":{"_et_pb_use_builder":"on","_et_pb_old_content":"","_et_gb_content_width":"","footnotes":""},"class_list":["post-582","page","type-page","status-publish","hentry"],"yoast_head":"<!-- This site is optimized with the Yoast SEO plugin v24.4 - https:\/\/yoast.com\/wordpress\/plugins\/seo\/ -->\n<title>Accessibility for Ontarians - Ontario Education Services Corporation<\/title>\n<meta name=\"robots\" content=\"index, follow, max-snippet:-1, max-image-preview:large, max-video-preview:-1\" \/>\n<link rel=\"canonical\" href=\"https:\/\/oesc-cseo.org\/fr-ca\/resources\/accessibility-for-ontarians\/\" \/>\n<meta property=\"og:locale\" content=\"fr_CA\" \/>\n<meta property=\"og:type\" content=\"article\" \/>\n<meta property=\"og:title\" content=\"Accessibility for Ontarians - Ontario Education Services Corporation\" \/>\n<meta property=\"og:description\" content=\"Accessibilityfor OntariansThe Accessibility for Ontarians with Disabilities Act, 2005 (AODA) is proactive legislation that calls for Standards in Accessibility intended to make Ontario accessible by the year 2025. Under this legislation the following Standards were developed: Accessible Customer Service Accessible Information and Communication Accessibility in Employment Accessible Transportation Accessible Built Environment Ontario&#039;s four trustee\/school board [&hellip;]\" \/>\n<meta property=\"og:url\" content=\"https:\/\/oesc-cseo.org\/fr-ca\/resources\/accessibility-for-ontarians\/\" \/>\n<meta property=\"og:site_name\" content=\"Ontario Education Services Corporation\" \/>\n<meta property=\"article:modified_time\" content=\"2024-04-22T15:04:02+00:00\" \/>\n<meta name=\"twitter:card\" content=\"summary_large_image\" \/>\n<script type=\"application\/ld+json\" class=\"yoast-schema-graph\">{\"@context\":\"https:\/\/schema.org\",\"@graph\":[{\"@type\":\"WebPage\",\"@id\":\"https:\/\/oesc-cseo.org\/resources\/accessibility-for-ontarians\/\",\"url\":\"https:\/\/oesc-cseo.org\/resources\/accessibility-for-ontarians\/\",\"name\":\"Accessibility for Ontarians - Ontario Education Services Corporation\",\"isPartOf\":{\"@id\":\"https:\/\/oesc-cseo.org\/#website\"},\"datePublished\":\"2021-05-10T20:24:45+00:00\",\"dateModified\":\"2024-04-22T15:04:02+00:00\",\"breadcrumb\":{\"@id\":\"https:\/\/oesc-cseo.org\/resources\/accessibility-for-ontarians\/#breadcrumb\"},\"inLanguage\":\"fr-CA\",\"potentialAction\":[{\"@type\":\"ReadAction\",\"target\":[\"https:\/\/oesc-cseo.org\/resources\/accessibility-for-ontarians\/\"]}]},{\"@type\":\"BreadcrumbList\",\"@id\":\"https:\/\/oesc-cseo.org\/resources\/accessibility-for-ontarians\/#breadcrumb\",\"itemListElement\":[{\"@type\":\"ListItem\",\"position\":1,\"name\":\"Home\",\"item\":\"https:\/\/oesc-cseo.org\/\"},{\"@type\":\"ListItem\",\"position\":2,\"name\":\"Resources\",\"item\":\"https:\/\/oesc-cseo.org\/resources\/\"},{\"@type\":\"ListItem\",\"position\":3,\"name\":\"Accessibility for Ontarians\"}]},{\"@type\":\"WebSite\",\"@id\":\"https:\/\/oesc-cseo.org\/#website\",\"url\":\"https:\/\/oesc-cseo.org\/\",\"name\":\"Ontario Education Services Corporation\",\"description\":\"\",\"publisher\":{\"@id\":\"https:\/\/oesc-cseo.org\/#organization\"},\"potentialAction\":[{\"@type\":\"SearchAction\",\"target\":{\"@type\":\"EntryPoint\",\"urlTemplate\":\"https:\/\/oesc-cseo.org\/?s={search_term_string}\"},\"query-input\":{\"@type\":\"PropertyValueSpecification\",\"valueRequired\":true,\"valueName\":\"search_term_string\"}}],\"inLanguage\":\"fr-CA\"},{\"@type\":\"Organization\",\"@id\":\"https:\/\/oesc-cseo.org\/#organization\",\"name\":\"Ontario Education Services Corporation\",\"url\":\"https:\/\/oesc-cseo.org\/\",\"logo\":{\"@type\":\"ImageObject\",\"inLanguage\":\"fr-CA\",\"@id\":\"https:\/\/oesc-cseo.org\/#\/schema\/logo\/image\/\",\"url\":\"\/wp-content\/uploads\/2021\/04\/OESClogo_icon_title_ylw_nvy.png\",\"contentUrl\":\"\/wp-content\/uploads\/2021\/04\/OESClogo_icon_title_ylw_nvy.png\",\"width\":4093,\"height\":2024,\"caption\":\"Ontario Education Services Corporation\"},\"image\":{\"@id\":\"https:\/\/oesc-cseo.org\/#\/schema\/logo\/image\/\"},\"sameAs\":[\"https:\/\/www.linkedin.com\/company\/ontario-education-services-corporation\/\"]}]}<\/script>\n<!-- \/ Yoast SEO plugin. -->","yoast_head_json":{"title":"Accessibility for Ontarians - Ontario Education Services Corporation","robots":{"index":"index","follow":"follow","max-snippet":"max-snippet:-1","max-image-preview":"max-image-preview:large","max-video-preview":"max-video-preview:-1"},"canonical":"https:\/\/oesc-cseo.org\/fr-ca\/resources\/accessibility-for-ontarians\/","og_locale":"fr_CA","og_type":"article","og_title":"Accessibility for Ontarians - Ontario Education Services Corporation","og_description":"Accessibilityfor OntariansThe Accessibility for Ontarians with Disabilities Act, 2005 (AODA) is proactive legislation that calls for Standards in Accessibility intended to make Ontario accessible by the year 2025. Under this legislation the following Standards were developed: Accessible Customer Service Accessible Information and Communication Accessibility in Employment Accessible Transportation Accessible Built Environment Ontario's four trustee\/school board [&hellip;]","og_url":"https:\/\/oesc-cseo.org\/fr-ca\/resources\/accessibility-for-ontarians\/","og_site_name":"Ontario Education Services Corporation","article_modified_time":"2024-04-22T15:04:02+00:00","twitter_card":"summary_large_image","schema":{"@context":"https:\/\/schema.org","@graph":[{"@type":"WebPage","@id":"https:\/\/oesc-cseo.org\/resources\/accessibility-for-ontarians\/","url":"https:\/\/oesc-cseo.org\/resources\/accessibility-for-ontarians\/","name":"Accessibility for Ontarians - Ontario Education Services Corporation","isPartOf":{"@id":"https:\/\/oesc-cseo.org\/#website"},"datePublished":"2021-05-10T20:24:45+00:00","dateModified":"2024-04-22T15:04:02+00:00","breadcrumb":{"@id":"https:\/\/oesc-cseo.org\/resources\/accessibility-for-ontarians\/#breadcrumb"},"inLanguage":"fr-CA","potentialAction":[{"@type":"ReadAction","target":["https:\/\/oesc-cseo.org\/resources\/accessibility-for-ontarians\/"]}]},{"@type":"BreadcrumbList","@id":"https:\/\/oesc-cseo.org\/resources\/accessibility-for-ontarians\/#breadcrumb","itemListElement":[{"@type":"ListItem","position":1,"name":"Home","item":"https:\/\/oesc-cseo.org\/"},{"@type":"ListItem","position":2,"name":"Resources","item":"https:\/\/oesc-cseo.org\/resources\/"},{"@type":"ListItem","position":3,"name":"Accessibility for Ontarians"}]},{"@type":"WebSite","@id":"https:\/\/oesc-cseo.org\/#website","url":"https:\/\/oesc-cseo.org\/","name":"Ontario Education Services Corporation","description":"","publisher":{"@id":"https:\/\/oesc-cseo.org\/#organization"},"potentialAction":[{"@type":"SearchAction","target":{"@type":"EntryPoint","urlTemplate":"https:\/\/oesc-cseo.org\/?s={search_term_string}"},"query-input":{"@type":"PropertyValueSpecification","valueRequired":true,"valueName":"search_term_string"}}],"inLanguage":"fr-CA"},{"@type":"Organization","@id":"https:\/\/oesc-cseo.org\/#organization","name":"Ontario Education Services Corporation","url":"https:\/\/oesc-cseo.org\/","logo":{"@type":"ImageObject","inLanguage":"fr-CA","@id":"https:\/\/oesc-cseo.org\/#\/schema\/logo\/image\/","url":"\/wp-content\/uploads\/2021\/04\/OESClogo_icon_title_ylw_nvy.png","contentUrl":"\/wp-content\/uploads\/2021\/04\/OESClogo_icon_title_ylw_nvy.png","width":4093,"height":2024,"caption":"Ontario Education Services Corporation"},"image":{"@id":"https:\/\/oesc-cseo.org\/#\/schema\/logo\/image\/"},"sameAs":["https:\/\/www.linkedin.com\/company\/ontario-education-services-corporation\/"]}]}},"_links":{"self":[{"href":"https:\/\/oesc-cseo.org\/fr-ca\/wp-json\/wp\/v2\/pages\/582","targetHints":{"allow":["GET"]}}],"collection":[{"href":"https:\/\/oesc-cseo.org\/fr-ca\/wp-json\/wp\/v2\/pages"}],"about":[{"href":"https:\/\/oesc-cseo.org\/fr-ca\/wp-json\/wp\/v2\/types\/page"}],"author":[{"embeddable":true,"href":"https:\/\/oesc-cseo.org\/fr-ca\/wp-json\/wp\/v2\/users\/4"}],"replies":[{"embeddable":true,"href":"https:\/\/oesc-cseo.org\/fr-ca\/wp-json\/wp\/v2\/comments?post=582"}],"version-history":[{"count":0,"href":"https:\/\/oesc-cseo.org\/fr-ca\/wp-json\/wp\/v2\/pages\/582\/revisions"}],"up":[{"embeddable":true,"href":"https:\/\/oesc-cseo.org\/fr-ca\/wp-json\/wp\/v2\/pages\/454"}],"wp:attachment":[{"href":"https:\/\/oesc-cseo.org\/fr-ca\/wp-json\/wp\/v2\/media?parent=582"}],"curies":[{"name":"wp","href":"https:\/\/api.w.org\/{rel}","templated":true}]}}