{"id":2196,"date":"2024-04-22T11:40:58","date_gmt":"2024-04-22T15:40:58","guid":{"rendered":"https:\/\/oesc-cseo.org\/?page_id=2196"},"modified":"2024-04-23T09:38:15","modified_gmt":"2024-04-23T13:38:15","slug":"strategic-risk-management","status":"publish","type":"page","link":"https:\/\/oesc-cseo.org\/fr-ca\/resources\/strategic-risk-management\/","title":{"rendered":"Soutien en gestion strat\u00e9gique des risques"},"content":{"rendered":"<p>[et_pb_section fb_built=\u201d1\u2033 admin_label=\u201dHeader\u201d _builder_version=\u201d4.24.0\u2033 background_image=\u201d\/wp-content\/uploads\/2021\/05\/AdobeStock_164683387-scaled-e1621430370160.jpeg\u201d parallax=\u201don\u201d height=\u201d60vh\u201d custom_margin=\u201d|||\u201d custom_padding=\u201d0px|0px|0px|0px|false|false\u201d background_last_edited=\u201don|desktop\u201d custom_css_main_element=\u201ddisplay: flex;||align-items: flex-end;\u201d locked=\u201doff\u201d global_colors_info=\u201d{}\u201d][et_pb_row column_structure=\u201d3_5,2_5\u2033 padding_top_bottom_link_1=\u201dfalse\u201d padding_left_right_link_1=\u201dtrue\u201d _builder_version=\u201d4.16\u2033 background_size=\u201dinitial\u201d background_position=\u201dtop_left\u201d background_repeat=\u201drepeat\u201d max_width=\u201d1160px\u201d custom_margin=\u201d||0px||false|false\u201d custom_padding=\u201d27px|0px|0|0px|false|false\u201d use_custom_width=\u201don\u201d custom_width_px=\u201d1160px\u201d locked=\u201doff\u201d global_colors_info=\u201d{}\u201d][et_pb_column type=\u201d3_5\u2033 _builder_version=\u201d4.16\u2033 background_color=\u201d#ffffff\u201d custom_padding=\u201d40px|40px|0px|40px\u201d custom_css_main_element=\u201dwidth: auto !important;\u201d global_colors_info=\u201d{}\u201d custom_padding__hover=\u201d|||\u201d][et_pb_text module_id=\u201dskip_content\u201d _builder_version=\u201d4.24.0\u2033 text_font=\u201d||||||||\u201d text_text_color=\u201dRGBA(255,255,255,0)\u201d ul_font=\u201d||||||||\u201d ol_font=\u201d||||||||\u201d header_font=\u201d|700|||||||\u201d header_text_color=\u201dRGBA(255,255,255,0)\u201d header_font_size=\u201d48px\u201d header_line_height=\u201d1.5em\u201d header_2_font=\u201d||||||||\u201d header_3_font=\u201dRubik|500||on|||||\u201d header_3_text_color=\u201d#005dab\u201d header_3_font_size=\u201d14px\u201d header_3_letter_spacing=\u201d2px\u201d header_3_line_height=\u201d2em\u201d header_4_font=\u201d||||||||\u201d header_5_font=\u201d||||||||\u201d header_6_font=\u201d||||||||\u201d background_image=\u201d\/wp-content\/uploads\/2024\/04\/SRM_banner.png\u201d background_size=\u201dcontain\u201d custom_margin=\u201d0px||10px||false|false\u201d custom_padding=\u201d0px||0px||false|false\u201d header_font_size_tablet=\u201d38px\u201d header_font_size_phone=\u201d28px\u201d header_font_size_last_edited=\u201don|phone\u201d locked=\u201doff\u201d global_colors_info=\u201d{}\u201d]<\/p>\n<h1 class=\"text-align-center\">Soutien en gestion strat\u00e9gique des risques<\/h1>\n<p>[\/et_pb_text][et_pb_divider color=\u201d#57a7f3\u2033 divider_weight=\u201d4px\u201d _builder_version=\u201d4.16\u2033 max_width=\u201d140px\u201d height=\u201d4px\u201d locked=\u201doff\u201d global_colors_info=\u201d{}\u201d][\/et_pb_divider][\/et_pb_column][et_pb_column type=\u201d2_5\u2033 _builder_version=\u201d4.16\u2033 custom_padding=\u201d|||\u201d custom_css_main_element=\u201dwidth: auto !important;\u201d global_colors_info=\u201d{}\u201d custom_padding__hover=\u201d|||\u201d][\/et_pb_column][\/et_pb_row][\/et_pb_section][et_pb_section fb_built=\u201d1\u2033 _builder_version=\u201d4.16\u2033 _module_preset=\u201ddefault\u201d custom_padding=\u201d||0px|||\u201d locked=\u201doff\u201d global_colors_info=\u201d{}\u201d][et_pb_row _builder_version=\u201d4.16\u2033 _module_preset=\u201ddefault\u201d global_colors_info=\u201d{}\u201d][et_pb_column type=\u201d4_4\u2033 _builder_version=\u201d4.16\u2033 _module_preset=\u201ddefault\u201d global_colors_info=\u201d{}\u201d][et_pb_text _builder_version=\u201d4.24.0\u2033 text_font=\u201d||||||||\u201d text_font_size=\u201d15px\u201d text_line_height=\u201d2em\u201d hover_enabled=\u201d0\u2033 text_font_size_tablet=\u201d\u201d text_font_size_phone=\u201d14px\u201d text_font_size_last_edited=\u201don|phone\u201d locked=\u201doff\u201d global_colors_info=\u201d{}\u201d sticky_enabled=\u201d0\u2033]The Strategic Risk Management Framework for Ontario School Boards is a joint initiative of the Council of Ontario Directors of Education (CODE) and the Council of School Business Officials (COSBO) enabled by the Ontario Education Services Corporation (OESC).<\/p>\n<p>Le cadre s'aligne \u00e0 la fois sur la directive du SCT de l'Ontario sur la gestion globale des risques et sur la norme ISO 31000 de l'Organisation internationale de normalisation (Lignes directrices ISO pour la gestion des risques, 2018). \u00c0 l'heure actuelle, il ne s'agit pas d'une exigence obligatoire du minist\u00e8re de l'\u00c9ducation pour les conseils scolaires de l'Ontario.<\/p>\n<p>Le cadre a \u00e9t\u00e9 \u00e9labor\u00e9 avec la participation de repr\u00e9sentants de la direction de 26 conseils scolaires, dont l'aide a permis au cadre, aux outils et \u00e0 la formation d'\u00eatre pertinents et utiles pour tous les conseils scolaires de l'Ontario.<\/p>\n<p>Le cadre strat\u00e9gique de gestion des risques pour les conseils scolaires de l'Ontario offre les perspectives suivantes&nbsp;:<\/p>\n<ul>\n<li>Il aide les conseils scolaires \u00e0 mieux comprendre si les pratiques de gestion des risques sont solides ou si elles doivent \u00eatre am\u00e9lior\u00e9es.<\/li>\n<li>Il permet au conseil scolaire de mieux anticiper et se pr\u00e9parer aux principaux risques et opportunit\u00e9s, am\u00e9liorant ainsi sa r\u00e9silience op\u00e9rationnelle et son orientation strat\u00e9gique.<\/li>\n<li>Il assure que les ressources du conseil scolaire sont allou\u00e9es aux risques et opportunit\u00e9s les plus significatifs, par rapport aux objectifs du plan strat\u00e9gique qui sont les plus d\u00e9finis.<\/li>\n<li>Il facilite la consid\u00e9ration coh\u00e9rente de l'incertitude \u00e0 l\u2019\u00e9gard du plan pluriannuel \u00e0 l'\u00e9chelle de l'organisation.<\/li>\n<\/ul>\n<p>Les outils suivants peuvent aider les conseils scolaires \u00e0 mettre en oeuvre le cadre afin qu\u2019il r\u00e9ponde \u00e0 leurs besoins&nbsp;:<\/p>\n<p>A) le cadre strat\u00e9gique de gestion des risques d\u00e9finit les attentes et la mani\u00e8re d'y r\u00e9pondre, y compris des exemples des conseils scolaires de l'Ontario homologues qui ont d\u00e9j\u00e0 commenc\u00e9 la mise en oeuvre du cadre.<\/p>\n<p>B) La feuille de route pour la GSR et l'outil d'auto-\u00e9valuation pour aider les conseils scolaires \u00e0 \u00e9valuer leurs forces actuelles en mati\u00e8re de gestion des risques et les am\u00e9liorations \u00e0 apporter.<\/p>\n<h2><strong>Ressources<\/strong><\/h2>\n<ul>\n<li><a href=\"\/fr-ca\/strategic-risk-management-framework-ontario-school-boards-v2-en_oesc\/\" target=\"_blank\" rel=\"noopener noreferrer\"><a href=\"\/fr-ca\/strategic-risk-management-framework-ontario-school-boards-v2-fr_oesc\/\">Cadre strat\u00e9gique de la gestion des risques (SGR)<\/a><\/a><\/li>\n<li><a href=\"\/fr-ca\/strategic-risk-management-framework-appendices-v2-en_oesc\/\" target=\"_blank\" rel=\"noopener noreferrer\"><a href=\"\/fr-ca\/strategic-risk-management-framework-appendices-v2-fr_oesc\/\">Cadre strat\u00e9gique de la gestion des risques \u2013 Annexes<\/a><\/a><\/li>\n<li><a href=\"\/fr-ca\/communicating-risk-leadership-guidelines-en_oesc\/\" target=\"_blank\" rel=\"noopener noreferrer\"><a href=\"\/fr-ca\/communicating-risk-leadership-guidelines-fr_oesc\/\">Communication des risques<\/a><\/a><\/li>\n<li><a href=\"\/fr-ca\/srm-self-assessment-tool-and-roadmap-en_oesc\/\" target=\"_blank\" rel=\"noopener noreferrer\"><a href=\"\/fr-ca\/srm-self-assessment-tool-and-roadmap-fr_oesc\/\">Feuille de route pour la Gestion strat\u00e9gique des risques<\/a><\/a><\/li>\n<li><a href=\"\/fr-ca\/sample-risk-management-policies-ontario-school-boards-sml-en_oesc\/\" target=\"_blank\" rel=\"noopener noreferrer\"><a href=\"https:\/\/oesc-cseo.org\/fr-ca\/sample-risk-management-policy-ontario-school-boards-fr_oesc\/\">Exemple de politique<\/a><\/a><\/li>\n<li><a href=\"\/fr-ca\/sample-risk-register-srm-framework-ontario-school-boards-blank-en_oesc\/\" target=\"_blank\" rel=\"noopener noreferrer\"><a href=\"\/fr-ca\/sample-risk-register-srm-framework-ontario-school-boards-blank-fr_oesc\/\">Mod\u00e8le d'un registre des risques<\/a><\/a><\/li>\n<li><a href=\"\/fr-ca\/decision-support-tool-en_oesc\/\" target=\"_blank\" rel=\"noopener noreferrer\"><a href=\"\/fr-ca\/decision-support-tool-fr_oesc\/\">Guide de prise de d\u00e9cision<\/a><\/a><\/li>\n<\/ul>\n<p>Pour aider les conseils scolaires et les administrations scolaires \u00e0 mettre en oeuvre les exigences du cadre, des ressources vid\u00e9o et des modules de formation sont indiqu\u00e9s cidessous.<\/p>\n<h2><strong>Modules de ressources vid\u00e9o<\/strong><\/h2>\n<p>Tous les modules correspondent au cadre strat\u00e9gique de gestion des risques et \u00e0 ses annexes, y compris des exemples, des outils et des ressources.<\/p>\n<p><strong><strong>Module 1\u00a0:<\/strong> <\/strong>Gouvernance et leadership en mati\u00e8re de gestion strat\u00e9gique des risques \u2013 Auto-\u00e9valuation\/D\u00e9marrage<\/p>\n<p>Ce module fournit un outil d'auto-\u00e9valuation et des conseils pour comprendre o\u00f9 les pratiques de gestion des risques sont les plus fortes actuellement et o\u00f9 des am\u00e9liorations devraient \u00eatre apport\u00e9es.<br>\n<a href=\"\/fr-ca\/&lt;a href=&quot;https:\/\/vimeo.com\/showcase\/10881649\/video\/898588339&quot;&gt;https:\/\/vimeo.com\/showcase\/10881649\/video\/898588339&lt;\/a&gt;\/\" target=\"_blank\" rel=\"noopener noreferrer\"><a href=\"https:\/\/vimeo.com\/showcase\/10881649\/video\/898588339\">https:\/\/vimeo.com\/showcase\/10881649\/video\/898588339<\/a><\/a><\/p>\n<p><strong><strong>Module 2 :<\/strong> <\/strong>Gouvernance et leadership en mati\u00e8re de GSR \u2013 Approches politiques \u2013 Attitude \u00e0 l'\u00e9gard des risques et \u00e9valuation<\/p>\n<p>Ce module pr\u00e9sente une vari\u00e9t\u00e9 d'approches politiques de gestion des risques qu'un conseil scolaire peut examiner et adapter \u00e0 ses besoins. Ce module aide \u00e9galement les participants \u00e0 comprendre comment clarifier l'attitude de prise de risque ou les approches d'\u00e9valuation des risques que les conseils scolaires peuvent utiliser pour \u00e9valuer et prioriser leurs principaux risques et opportunit\u00e9s, y compris des exemples.<br>\n<a href=\"\/fr-ca\/&lt;a href=&quot;https:\/\/vimeo.com\/showcase\/10881649\/video\/898595203&quot;&gt;https:\/\/vimeo.com\/showcase\/10881649\/video\/898595203&lt;\/a&gt;\/\" target=\"_blank\" rel=\"noopener noreferrer\"><a href=\"https:\/\/vimeo.com\/showcase\/10881649\/video\/898595203\">https:\/\/vimeo.com\/showcase\/10881649\/video\/898595203<\/a><\/a><\/p>\n<p><strong><strong>Module 3\u00a0:<\/strong> <\/strong>Mise en oeuvre et int\u00e9gration de la GSR \u2013 Le risque dans la planification strat\u00e9gique et la prise de d\u00e9cision<\/p>\n<p>Ce module offre une vari\u00e9t\u00e9 de perspectives sur la fa\u00e7on d'int\u00e9grer le processus de gestion des risques dans la planification strat\u00e9gique et la prise de d\u00e9cision.<br>\n<a href=\"\/fr-ca\/&lt;a href=&quot;https:\/\/vimeo.com\/showcase\/10881649\/video\/898658645&quot;&gt;https:\/\/vimeo.com\/showcase\/10881649\/video\/898658645&lt;\/a&gt;\/\" target=\"_blank\" rel=\"noopener noreferrer\"><a href=\"https:\/\/vimeo.com\/showcase\/10881649\/video\/898658645\">https:\/\/vimeo.com\/showcase\/10881649\/video\/898658645<\/a><\/a><\/p>\n<h2><strong>Ressources additionnelles<\/strong><\/h2>\n<p>Des ressources suppl\u00e9mentaires gratuites en personne ont \u00e9t\u00e9 mises \u00e0 la disposition \u00e0 la direction de tous les conseils scolaires de l'Ontario qui en font la demande, incluant la formation et du soutien d\u2019orientation.<\/p>\n<p>D'autres services de soutien et de conseils sont offerts aux conseils scolaires par l'interm\u00e9diaire de la CSEO, moyennant des frais de service.<\/p>\n<p><a href=\"mailto:solutions@oesc-cseo.org\">Contactez-nous&nbsp;: <a href=\"mailto:solutions@oesc-cseo.org\">solutions@oesc-cseo.org<\/a><\/a>[\/et_pb_text][\/et_pb_column][\/et_pb_row][\/et_pb_section]<\/p>","protected":false},"excerpt":{"rendered":"<p>Strategic Risk ManagementThe Strategic Risk Management Framework for Ontario School Boards is a joint initiative of the Council of Ontario Directors of Education (CODE) and the Council of School Business Officials (COSBO) enabled by the Ontario Education Services Corporation (OESC). The Framework aligns both to the TBS Ontario Directive on Enterprise Risk Management and the [&hellip;]<\/p>","protected":false},"author":4,"featured_media":0,"parent":454,"menu_order":0,"comment_status":"closed","ping_status":"closed","template":"","meta":{"_et_pb_use_builder":"on","_et_pb_old_content":"","_et_gb_content_width":"","footnotes":""},"class_list":["post-2196","page","type-page","status-publish","hentry"],"yoast_head":"<!-- This site is optimized with the Yoast SEO plugin v24.4 - https:\/\/yoast.com\/wordpress\/plugins\/seo\/ -->\n<title>Strategic Risk Management - Ontario Education Services Corporation<\/title>\n<meta name=\"robots\" content=\"index, follow, max-snippet:-1, max-image-preview:large, max-video-preview:-1\" \/>\n<link rel=\"canonical\" href=\"https:\/\/oesc-cseo.org\/fr-ca\/resources\/strategic-risk-management\/\" \/>\n<meta property=\"og:locale\" content=\"fr_CA\" \/>\n<meta property=\"og:type\" content=\"article\" \/>\n<meta property=\"og:title\" content=\"Strategic Risk Management - Ontario Education Services Corporation\" \/>\n<meta property=\"og:description\" content=\"Strategic Risk ManagementThe Strategic Risk Management Framework for Ontario School Boards is a joint initiative of the Council of Ontario Directors of Education (CODE) and the Council of School Business Officials (COSBO) enabled by the Ontario Education Services Corporation (OESC). The Framework aligns both to the TBS Ontario Directive on Enterprise Risk Management and the [&hellip;]\" \/>\n<meta property=\"og:url\" content=\"https:\/\/oesc-cseo.org\/fr-ca\/resources\/strategic-risk-management\/\" \/>\n<meta property=\"og:site_name\" content=\"Ontario Education Services Corporation\" \/>\n<meta property=\"article:modified_time\" content=\"2024-04-23T13:38:15+00:00\" \/>\n<meta name=\"twitter:card\" content=\"summary_large_image\" \/>\n<meta name=\"twitter:label1\" content=\"Estimation du temps de lecture\" \/>\n\t<meta name=\"twitter:data1\" content=\"5 minutes\" \/>\n<script type=\"application\/ld+json\" class=\"yoast-schema-graph\">{\"@context\":\"https:\/\/schema.org\",\"@graph\":[{\"@type\":\"WebPage\",\"@id\":\"https:\/\/oesc-cseo.org\/resources\/strategic-risk-management\/\",\"url\":\"https:\/\/oesc-cseo.org\/resources\/strategic-risk-management\/\",\"name\":\"Strategic Risk Management - Ontario Education Services Corporation\",\"isPartOf\":{\"@id\":\"https:\/\/oesc-cseo.org\/#website\"},\"datePublished\":\"2024-04-22T15:40:58+00:00\",\"dateModified\":\"2024-04-23T13:38:15+00:00\",\"breadcrumb\":{\"@id\":\"https:\/\/oesc-cseo.org\/resources\/strategic-risk-management\/#breadcrumb\"},\"inLanguage\":\"fr-CA\",\"potentialAction\":[{\"@type\":\"ReadAction\",\"target\":[\"https:\/\/oesc-cseo.org\/resources\/strategic-risk-management\/\"]}]},{\"@type\":\"BreadcrumbList\",\"@id\":\"https:\/\/oesc-cseo.org\/resources\/strategic-risk-management\/#breadcrumb\",\"itemListElement\":[{\"@type\":\"ListItem\",\"position\":1,\"name\":\"Home\",\"item\":\"https:\/\/oesc-cseo.org\/\"},{\"@type\":\"ListItem\",\"position\":2,\"name\":\"Resources\",\"item\":\"https:\/\/oesc-cseo.org\/resources\/\"},{\"@type\":\"ListItem\",\"position\":3,\"name\":\"Strategic Risk Management\"}]},{\"@type\":\"WebSite\",\"@id\":\"https:\/\/oesc-cseo.org\/#website\",\"url\":\"https:\/\/oesc-cseo.org\/\",\"name\":\"Ontario Education Services Corporation\",\"description\":\"\",\"publisher\":{\"@id\":\"https:\/\/oesc-cseo.org\/#organization\"},\"potentialAction\":[{\"@type\":\"SearchAction\",\"target\":{\"@type\":\"EntryPoint\",\"urlTemplate\":\"https:\/\/oesc-cseo.org\/?s={search_term_string}\"},\"query-input\":{\"@type\":\"PropertyValueSpecification\",\"valueRequired\":true,\"valueName\":\"search_term_string\"}}],\"inLanguage\":\"fr-CA\"},{\"@type\":\"Organization\",\"@id\":\"https:\/\/oesc-cseo.org\/#organization\",\"name\":\"Ontario Education Services Corporation\",\"url\":\"https:\/\/oesc-cseo.org\/\",\"logo\":{\"@type\":\"ImageObject\",\"inLanguage\":\"fr-CA\",\"@id\":\"https:\/\/oesc-cseo.org\/#\/schema\/logo\/image\/\",\"url\":\"\/wp-content\/uploads\/2021\/04\/OESClogo_icon_title_ylw_nvy.png\",\"contentUrl\":\"\/wp-content\/uploads\/2021\/04\/OESClogo_icon_title_ylw_nvy.png\",\"width\":4093,\"height\":2024,\"caption\":\"Ontario Education Services Corporation\"},\"image\":{\"@id\":\"https:\/\/oesc-cseo.org\/#\/schema\/logo\/image\/\"},\"sameAs\":[\"https:\/\/www.linkedin.com\/company\/ontario-education-services-corporation\/\"]}]}<\/script>\n<!-- \/ Yoast SEO plugin. -->","yoast_head_json":{"title":"Strategic Risk Management - Ontario Education Services Corporation","robots":{"index":"index","follow":"follow","max-snippet":"max-snippet:-1","max-image-preview":"max-image-preview:large","max-video-preview":"max-video-preview:-1"},"canonical":"https:\/\/oesc-cseo.org\/fr-ca\/resources\/strategic-risk-management\/","og_locale":"fr_CA","og_type":"article","og_title":"Strategic Risk Management - Ontario Education Services Corporation","og_description":"Strategic Risk ManagementThe Strategic Risk Management Framework for Ontario School Boards is a joint initiative of the Council of Ontario Directors of Education (CODE) and the Council of School Business Officials (COSBO) enabled by the Ontario Education Services Corporation (OESC). The Framework aligns both to the TBS Ontario Directive on Enterprise Risk Management and the [&hellip;]","og_url":"https:\/\/oesc-cseo.org\/fr-ca\/resources\/strategic-risk-management\/","og_site_name":"Ontario Education Services Corporation","article_modified_time":"2024-04-23T13:38:15+00:00","twitter_card":"summary_large_image","twitter_misc":{"Estimation du temps de lecture":"5 minutes"},"schema":{"@context":"https:\/\/schema.org","@graph":[{"@type":"WebPage","@id":"https:\/\/oesc-cseo.org\/resources\/strategic-risk-management\/","url":"https:\/\/oesc-cseo.org\/resources\/strategic-risk-management\/","name":"Strategic Risk Management - Ontario Education Services Corporation","isPartOf":{"@id":"https:\/\/oesc-cseo.org\/#website"},"datePublished":"2024-04-22T15:40:58+00:00","dateModified":"2024-04-23T13:38:15+00:00","breadcrumb":{"@id":"https:\/\/oesc-cseo.org\/resources\/strategic-risk-management\/#breadcrumb"},"inLanguage":"fr-CA","potentialAction":[{"@type":"ReadAction","target":["https:\/\/oesc-cseo.org\/resources\/strategic-risk-management\/"]}]},{"@type":"BreadcrumbList","@id":"https:\/\/oesc-cseo.org\/resources\/strategic-risk-management\/#breadcrumb","itemListElement":[{"@type":"ListItem","position":1,"name":"Home","item":"https:\/\/oesc-cseo.org\/"},{"@type":"ListItem","position":2,"name":"Resources","item":"https:\/\/oesc-cseo.org\/resources\/"},{"@type":"ListItem","position":3,"name":"Strategic Risk Management"}]},{"@type":"WebSite","@id":"https:\/\/oesc-cseo.org\/#website","url":"https:\/\/oesc-cseo.org\/","name":"Ontario Education Services Corporation","description":"","publisher":{"@id":"https:\/\/oesc-cseo.org\/#organization"},"potentialAction":[{"@type":"SearchAction","target":{"@type":"EntryPoint","urlTemplate":"https:\/\/oesc-cseo.org\/?s={search_term_string}"},"query-input":{"@type":"PropertyValueSpecification","valueRequired":true,"valueName":"search_term_string"}}],"inLanguage":"fr-CA"},{"@type":"Organization","@id":"https:\/\/oesc-cseo.org\/#organization","name":"Ontario Education Services Corporation","url":"https:\/\/oesc-cseo.org\/","logo":{"@type":"ImageObject","inLanguage":"fr-CA","@id":"https:\/\/oesc-cseo.org\/#\/schema\/logo\/image\/","url":"\/wp-content\/uploads\/2021\/04\/OESClogo_icon_title_ylw_nvy.png","contentUrl":"\/wp-content\/uploads\/2021\/04\/OESClogo_icon_title_ylw_nvy.png","width":4093,"height":2024,"caption":"Ontario Education Services Corporation"},"image":{"@id":"https:\/\/oesc-cseo.org\/#\/schema\/logo\/image\/"},"sameAs":["https:\/\/www.linkedin.com\/company\/ontario-education-services-corporation\/"]}]}},"_links":{"self":[{"href":"https:\/\/oesc-cseo.org\/fr-ca\/wp-json\/wp\/v2\/pages\/2196","targetHints":{"allow":["GET"]}}],"collection":[{"href":"https:\/\/oesc-cseo.org\/fr-ca\/wp-json\/wp\/v2\/pages"}],"about":[{"href":"https:\/\/oesc-cseo.org\/fr-ca\/wp-json\/wp\/v2\/types\/page"}],"author":[{"embeddable":true,"href":"https:\/\/oesc-cseo.org\/fr-ca\/wp-json\/wp\/v2\/users\/4"}],"replies":[{"embeddable":true,"href":"https:\/\/oesc-cseo.org\/fr-ca\/wp-json\/wp\/v2\/comments?post=2196"}],"version-history":[{"count":0,"href":"https:\/\/oesc-cseo.org\/fr-ca\/wp-json\/wp\/v2\/pages\/2196\/revisions"}],"up":[{"embeddable":true,"href":"https:\/\/oesc-cseo.org\/fr-ca\/wp-json\/wp\/v2\/pages\/454"}],"wp:attachment":[{"href":"https:\/\/oesc-cseo.org\/fr-ca\/wp-json\/wp\/v2\/media?parent=2196"}],"curies":[{"name":"wp","href":"https:\/\/api.w.org\/{rel}","templated":true}]}}