{"id":552,"date":"2021-05-10T19:40:01","date_gmt":"2021-05-10T19:40:01","guid":{"rendered":"https:\/\/oescweb.oesc-cseo.org\/?page_id=552"},"modified":"2025-05-30T09:26:19","modified_gmt":"2025-05-30T13:26:19","slug":"prevalent-medical-conditions","status":"publish","type":"page","link":"http:\/\/oesc-cseo.org\/fr-ca\/resources\/prevalent-medical-conditions\/","title":{"rendered":"Affections m\u00e9dicales pr\u00e9dominantes"},"content":{"rendered":"<p>[et_pb_section fb_built=\u201d1\u2033 admin_label=\u201dHeader\u201d module_class=\u201dplans-of-care\u201d _builder_version=\u201d4.27.3\u2033 background_image=\u201dhttps:\/\/oesc-cseo.org\/wp-content\/uploads\/2025\/01\/Plans-of-Care-banner_no-text_WIDER_Trilogen.png\u201d parallax=\u201don\u201d height=\u201d60vh\u201d display_conditions=\u201dW10=\u201d custom_margin=\u201d|||\u201d custom_padding=\u201d0px|0px|0px|0px|false|false\u201d background_last_edited=\u201don|desktop\u201d background_image_tablet=\u201dhttps:\/\/oesc-cseo.org\/wp-content\/uploads\/2025\/01\/Plans-of-Care-banner_no-text_WIDER_Trilogen.png\u201d background_image_phone=\u201dhttps:\/\/oesc-cseo.org\/wp-content\/uploads\/2025\/01\/Plans-of-Care-banner_no-text_WIDER_Trilogen.png\u201d background_enable_image_tablet=\u201don\u201d background_enable_image_phone=\u201don\u201d background_size_tablet=\u201dcover\u201d custom_css_main_element=\u201ddisplay: flex;||align-items: flex-end;\u201d locked=\u201doff\u201d global_colors_info=\u201d{}\u201d][et_pb_row column_structure=\u201d3_5,2_5\u2033 padding_top_bottom_link_1=\u201dfalse\u201d padding_left_right_link_1=\u201dtrue\u201d _builder_version=\u201d4.16\u2033 background_size=\u201dinitial\u201d background_position=\u201dtop_left\u201d background_repeat=\u201drepeat\u201d max_width=\u201d1160px\u201d custom_margin=\u201d||0px||false|false\u201d custom_padding=\u201d27px|0px|0|0px|false|false\u201d use_custom_width=\u201don\u201d custom_width_px=\u201d1160px\u201d locked=\u201doff\u201d global_colors_info=\u201d{}\u201d][et_pb_column type=\u201d3_5\u2033 _builder_version=\u201d4.16\u2033 background_color=\u201d#ffffff\u201d custom_padding=\u201d40px|40px|0px|40px\u201d custom_css_main_element=\u201dwidth: auto !important;\u201d global_colors_info=\u201d{}\u201d custom_padding__hover=\u201d|||\u201d][et_pb_text module_id=\u201dskip_content\u201d _builder_version=\u201d4.27.3\u2033 text_font=\u201d||||||||\u201d ul_font=\u201d||||||||\u201d ol_font=\u201d||||||||\u201d header_font=\u201d|700|||||||\u201d header_font_size=\u201d48px\u201d header_line_height=\u201d1.5em\u201d header_2_font=\u201d||||||||\u201d header_3_font=\u201dRubik|500||on|||||\u201d header_3_text_color=\u201d#005dab\u201d header_3_font_size=\u201d14px\u201d header_3_letter_spacing=\u201d2px\u201d header_3_line_height=\u201d2em\u201d header_4_font=\u201d||||||||\u201d header_5_font=\u201d||||||||\u201d header_6_font=\u201d||||||||\u201d custom_margin=\u201d0px||10px||false|false\u201d custom_padding=\u201d0px||0px||false|false\u201d header_font_size_tablet=\u201d38px\u201d header_font_size_phone=\u201d28px\u201d header_font_size_last_edited=\u201don|phone\u201d locked=\u201doff\u201d global_colors_info=\u201d{}\u201d]<\/p>\n<h2>Affections m\u00e9dicales pr\u00e9dominantes :<\/h2>\n<h1><strong>Plans\nde Soins<\/strong><\/h1>\n<h2><\/h2>\n<p>[\/et_pb_text][et_pb_divider color=\u201d#57a7f3\u2033 divider_weight=\u201d4px\u201d _builder_version=\u201d4.16\u2033 max_width=\u201d140px\u201d height=\u201d4px\u201d locked=\u201doff\u201d global_colors_info=\u201d{}\u201d][\/et_pb_divider][\/et_pb_column][et_pb_column type=\u201d2_5\u2033 _builder_version=\u201d4.16\u2033 custom_padding=\u201d|||\u201d custom_css_main_element=\u201dwidth: auto !important;\u201d global_colors_info=\u201d{}\u201d custom_padding__hover=\u201d|||\u201d][\/et_pb_column][\/et_pb_row][\/et_pb_section][et_pb_section fb_built=\u201d1\u2033 _builder_version=\u201d4.16\u2033 _module_preset=\u201ddefault\u201d custom_padding=\u201d||0px|||\u201d locked=\u201doff\u201d global_colors_info=\u201d{}\u201d][et_pb_row _builder_version=\u201d4.16\u2033 _module_preset=\u201ddefault\u201d custom_padding=\u201d||27px|||\u201d global_colors_info=\u201d{}\u201d][et_pb_column type=\u201d4_4\u2033 _builder_version=\u201d4.16\u2033 _module_preset=\u201ddefault\u201d global_colors_info=\u201d{}\u201d][et_pb_text _builder_version=\u201d4.27.4\u2033 text_font=\u201d||||||||\u201d text_font_size=\u201d15px\u201d text_line_height=\u201d2em\u201d hover_enabled=\u201d0\u2033 text_font_size_tablet=\u201d\u201d text_font_size_phone=\u201d14px\u201d text_font_size_last_edited=\u201don|phone\u201d locked=\u201doff\u201d global_colors_info=\u201d{}\u201d sticky_enabled=\u201d0\u2033]<\/p>\n<p>La CSEO a cr\u00e9\u00e9 des exemples de plans de soins \u00e0 l\u2019appui de la <strong><a title=\"A link to a .pdf file is present\" href=\"https:\/\/www.ontario.ca\/fr\/document\/education-en-ontario-directives-en-matiere-de-politiques-et-de-programmes-11\" target=\"_blank\" rel=\"noopener noreferrer\" data-interception=\"off\">Note Politique\/\nProgrammes 161, Soutenir les enfants et les \u00e9l\u00e8ves ayant des affections\nm\u00e9dicales pr\u00e9dominantes (anaphylaxie, asthme, diab\u00e8te ou \u00e9pilepsie) dans les\n\u00e9coles<\/a><\/strong>. Elle a aussi produit un document complet intitul\u00e9\u00a0<a title=\"A link to a .pdf file is present\" href=\"\/wp-content\/uploads\/2025\/02\/PMC_Admin_Framework_Final_Feb2025_Fr.pdf\" target=\"_blank\" rel=\"noopener noreferrer\" data-interception=\"off\"><strong>Cadre administratif pour\nl\u2019\u00e9laboration des politiques des conseils sur les affections m\u00e9dicales<\/strong><\/a>.<\/p>\n<p><strong>Plans de soins (2025 exemples)<\/strong><\/p>\n<p><a title=\"A link to Microsoft Word document is present.\" href=\"\/wp-content\/uploads\/2025\/05\/2025_Anaphaylaxis_Fr_FINAL_v3.docx\" target=\"_blank\" rel=\"noopener noreferrer\">Anaphylaxie (docx)<\/a> \u00a0<a title=\"A link to a .pdf file is present.\" href=\"\/wp-content\/uploads\/2025\/05\/2025_Anaphaylaxis_Fr_FINAL_v3.pdf\" target=\"_blank\" rel=\"noopener noreferrer\">Anaphylaxie (Pdf)<\/a><\/p>\n<p><a title=\"A link to Microsoft Word document is present.\" href=\"\/wp-content\/uploads\/2025\/05\/2025_Asthma_Fr_FINAL_v3.docx\" target=\"_blank\" rel=\"noopener noreferrer\">Asthme (docx)<\/a> \u00a0<a title=\"A link to a .pdf file is present.\" href=\"\/wp-content\/uploads\/2025\/05\/2025_Asthma_Fr_FINAL_v3.pdf\" target=\"_blank\" rel=\"noopener noreferrer\">Asthme (Pdf)<\/a><\/p>\n<p><a title=\"A link to Microsoft Word document is present.\" data-interception=\"on\" href=\"\/wp-content\/uploads\/2025\/05\/2025_Diabetes_Fr_FINAL_v3.docx\" target=\"_blank\" rel=\"noopener noreferrer\">Diab\u00e8te (docx)\u200b<\/a>\u200b \u00a0<a title=\"A link to a .pdf file is present.\" href=\"\/wp-content\/uploads\/2025\/05\/2025_Diabetes_Fr_FINAL_v3.pdf\" target=\"_blank\" rel=\"noopener noreferrer\">Diab\u00e8te (Pdf)<\/a><\/p>\n<p><a title=\"A link to Microsoft Word document is present.\" href=\"\/wp-content\/uploads\/2025\/05\/2025_Epilepsy_Fr_FINAL_v3.docx\" target=\"_blank\" rel=\"noopener noreferrer\">\u00c9pilepsie (docx)<\/a> \u00a0<a title=\"A link to a .pdf file is present.\" href=\"\/wp-content\/uploads\/2025\/05\/2025_Epilepsy_Fr_FINAL_v3.pdf\" target=\"_blank\" rel=\"noopener noreferrer\">\u00c9pilepsie (Pdf)<\/a><\/p>\n<p>[\/et_pb_text][\/et_pb_column][\/et_pb_row][\/et_pb_section]<\/p>","protected":false},"excerpt":{"rendered":"<p>Prevalent Medical Conditions: Plans of Care OESC has revised the sample Plans of Care to support the Ministry of Education\u2019s PPM 161: Supporting Children and Students with Prevalent Medical Conditions (Anaphylaxis, Asthma, Diabetes, and\/or Epilepsy) in Schools. A comprehensive document entitled,\u00a0Administrative Framework \u2013 Developing a Board Policy on Prevalent Medical Conditions\u200b\u200b\u200b has also been updated. [&hellip;]<\/p>","protected":false},"author":4,"featured_media":0,"parent":454,"menu_order":0,"comment_status":"closed","ping_status":"closed","template":"","meta":{"_et_pb_use_builder":"on","_et_pb_old_content":"","_et_gb_content_width":"","footnotes":""},"class_list":["post-552","page","type-page","status-publish","hentry"],"yoast_head":"<!-- This site is optimized with the Yoast SEO plugin v24.4 - https:\/\/yoast.com\/wordpress\/plugins\/seo\/ -->\n<title>Prevalent Medical Conditions - Ontario Education Services Corporation<\/title>\n<meta name=\"robots\" content=\"index, follow, max-snippet:-1, max-image-preview:large, max-video-preview:-1\" \/>\n<link rel=\"canonical\" href=\"https:\/\/oesc-cseo.org\/fr-ca\/resources\/prevalent-medical-conditions\/\" \/>\n<meta property=\"og:locale\" content=\"fr_CA\" \/>\n<meta property=\"og:type\" content=\"article\" \/>\n<meta property=\"og:title\" content=\"Prevalent Medical Conditions - Ontario Education Services Corporation\" \/>\n<meta property=\"og:description\" content=\"Prevalent Medical Conditions: Plans of Care OESC has revised the sample Plans of Care to support the Ministry of Education\u2019s PPM 161: Supporting Children and Students with Prevalent Medical Conditions (Anaphylaxis, Asthma, Diabetes, and\/or Epilepsy) in Schools. A comprehensive document entitled,\u00a0Administrative Framework \u2013 Developing a Board Policy on Prevalent Medical Conditions\u200b\u200b\u200b has also been updated. [&hellip;]\" \/>\n<meta property=\"og:url\" content=\"https:\/\/oesc-cseo.org\/fr-ca\/resources\/prevalent-medical-conditions\/\" \/>\n<meta property=\"og:site_name\" content=\"Ontario Education Services Corporation\" \/>\n<meta property=\"article:modified_time\" content=\"2025-05-30T13:26:19+00:00\" \/>\n<meta name=\"twitter:card\" content=\"summary_large_image\" \/>\n<meta name=\"twitter:label1\" content=\"Estimation du temps de lecture\" \/>\n\t<meta name=\"twitter:data1\" content=\"1 minute\" \/>\n<script type=\"application\/ld+json\" class=\"yoast-schema-graph\">{\"@context\":\"https:\/\/schema.org\",\"@graph\":[{\"@type\":\"WebPage\",\"@id\":\"https:\/\/oesc-cseo.org\/resources\/prevalent-medical-conditions\/\",\"url\":\"https:\/\/oesc-cseo.org\/resources\/prevalent-medical-conditions\/\",\"name\":\"Prevalent Medical Conditions - Ontario Education Services Corporation\",\"isPartOf\":{\"@id\":\"https:\/\/oesc-cseo.org\/#website\"},\"datePublished\":\"2021-05-10T19:40:01+00:00\",\"dateModified\":\"2025-05-30T13:26:19+00:00\",\"breadcrumb\":{\"@id\":\"https:\/\/oesc-cseo.org\/resources\/prevalent-medical-conditions\/#breadcrumb\"},\"inLanguage\":\"fr-CA\",\"potentialAction\":[{\"@type\":\"ReadAction\",\"target\":[\"https:\/\/oesc-cseo.org\/resources\/prevalent-medical-conditions\/\"]}]},{\"@type\":\"BreadcrumbList\",\"@id\":\"https:\/\/oesc-cseo.org\/resources\/prevalent-medical-conditions\/#breadcrumb\",\"itemListElement\":[{\"@type\":\"ListItem\",\"position\":1,\"name\":\"Home\",\"item\":\"https:\/\/oesc-cseo.org\/\"},{\"@type\":\"ListItem\",\"position\":2,\"name\":\"Resources\",\"item\":\"https:\/\/oesc-cseo.org\/resources\/\"},{\"@type\":\"ListItem\",\"position\":3,\"name\":\"Prevalent Medical Conditions\"}]},{\"@type\":\"WebSite\",\"@id\":\"https:\/\/oesc-cseo.org\/#website\",\"url\":\"https:\/\/oesc-cseo.org\/\",\"name\":\"Ontario Education Services Corporation\",\"description\":\"\",\"publisher\":{\"@id\":\"https:\/\/oesc-cseo.org\/#organization\"},\"potentialAction\":[{\"@type\":\"SearchAction\",\"target\":{\"@type\":\"EntryPoint\",\"urlTemplate\":\"https:\/\/oesc-cseo.org\/?s={search_term_string}\"},\"query-input\":{\"@type\":\"PropertyValueSpecification\",\"valueRequired\":true,\"valueName\":\"search_term_string\"}}],\"inLanguage\":\"fr-CA\"},{\"@type\":\"Organization\",\"@id\":\"https:\/\/oesc-cseo.org\/#organization\",\"name\":\"Ontario Education Services Corporation\",\"url\":\"https:\/\/oesc-cseo.org\/\",\"logo\":{\"@type\":\"ImageObject\",\"inLanguage\":\"fr-CA\",\"@id\":\"https:\/\/oesc-cseo.org\/#\/schema\/logo\/image\/\",\"url\":\"\/wp-content\/uploads\/2021\/04\/OESClogo_icon_title_ylw_nvy.png\",\"contentUrl\":\"\/wp-content\/uploads\/2021\/04\/OESClogo_icon_title_ylw_nvy.png\",\"width\":4093,\"height\":2024,\"caption\":\"Ontario Education Services Corporation\"},\"image\":{\"@id\":\"https:\/\/oesc-cseo.org\/#\/schema\/logo\/image\/\"},\"sameAs\":[\"https:\/\/www.linkedin.com\/company\/ontario-education-services-corporation\/\"]}]}<\/script>\n<!-- \/ Yoast SEO plugin. -->","yoast_head_json":{"title":"Prevalent Medical Conditions - Ontario Education Services Corporation","robots":{"index":"index","follow":"follow","max-snippet":"max-snippet:-1","max-image-preview":"max-image-preview:large","max-video-preview":"max-video-preview:-1"},"canonical":"https:\/\/oesc-cseo.org\/fr-ca\/resources\/prevalent-medical-conditions\/","og_locale":"fr_CA","og_type":"article","og_title":"Prevalent Medical Conditions - Ontario Education Services Corporation","og_description":"Prevalent Medical Conditions: Plans of Care OESC has revised the sample Plans of Care to support the Ministry of Education\u2019s PPM 161: Supporting Children and Students with Prevalent Medical Conditions (Anaphylaxis, Asthma, Diabetes, and\/or Epilepsy) in Schools. A comprehensive document entitled,\u00a0Administrative Framework \u2013 Developing a Board Policy on Prevalent Medical Conditions\u200b\u200b\u200b has also been updated. [&hellip;]","og_url":"https:\/\/oesc-cseo.org\/fr-ca\/resources\/prevalent-medical-conditions\/","og_site_name":"Ontario Education Services Corporation","article_modified_time":"2025-05-30T13:26:19+00:00","twitter_card":"summary_large_image","twitter_misc":{"Estimation du temps de lecture":"1 minute"},"schema":{"@context":"https:\/\/schema.org","@graph":[{"@type":"WebPage","@id":"https:\/\/oesc-cseo.org\/resources\/prevalent-medical-conditions\/","url":"https:\/\/oesc-cseo.org\/resources\/prevalent-medical-conditions\/","name":"Prevalent Medical Conditions - Ontario Education Services Corporation","isPartOf":{"@id":"https:\/\/oesc-cseo.org\/#website"},"datePublished":"2021-05-10T19:40:01+00:00","dateModified":"2025-05-30T13:26:19+00:00","breadcrumb":{"@id":"https:\/\/oesc-cseo.org\/resources\/prevalent-medical-conditions\/#breadcrumb"},"inLanguage":"fr-CA","potentialAction":[{"@type":"ReadAction","target":["https:\/\/oesc-cseo.org\/resources\/prevalent-medical-conditions\/"]}]},{"@type":"BreadcrumbList","@id":"https:\/\/oesc-cseo.org\/resources\/prevalent-medical-conditions\/#breadcrumb","itemListElement":[{"@type":"ListItem","position":1,"name":"Home","item":"https:\/\/oesc-cseo.org\/"},{"@type":"ListItem","position":2,"name":"Resources","item":"https:\/\/oesc-cseo.org\/resources\/"},{"@type":"ListItem","position":3,"name":"Prevalent Medical Conditions"}]},{"@type":"WebSite","@id":"https:\/\/oesc-cseo.org\/#website","url":"https:\/\/oesc-cseo.org\/","name":"Ontario Education Services Corporation","description":"","publisher":{"@id":"https:\/\/oesc-cseo.org\/#organization"},"potentialAction":[{"@type":"SearchAction","target":{"@type":"EntryPoint","urlTemplate":"https:\/\/oesc-cseo.org\/?s={search_term_string}"},"query-input":{"@type":"PropertyValueSpecification","valueRequired":true,"valueName":"search_term_string"}}],"inLanguage":"fr-CA"},{"@type":"Organization","@id":"https:\/\/oesc-cseo.org\/#organization","name":"Ontario Education Services Corporation","url":"https:\/\/oesc-cseo.org\/","logo":{"@type":"ImageObject","inLanguage":"fr-CA","@id":"https:\/\/oesc-cseo.org\/#\/schema\/logo\/image\/","url":"\/wp-content\/uploads\/2021\/04\/OESClogo_icon_title_ylw_nvy.png","contentUrl":"\/wp-content\/uploads\/2021\/04\/OESClogo_icon_title_ylw_nvy.png","width":4093,"height":2024,"caption":"Ontario Education Services Corporation"},"image":{"@id":"https:\/\/oesc-cseo.org\/#\/schema\/logo\/image\/"},"sameAs":["https:\/\/www.linkedin.com\/company\/ontario-education-services-corporation\/"]}]}},"_links":{"self":[{"href":"http:\/\/oesc-cseo.org\/fr-ca\/wp-json\/wp\/v2\/pages\/552","targetHints":{"allow":["GET"]}}],"collection":[{"href":"http:\/\/oesc-cseo.org\/fr-ca\/wp-json\/wp\/v2\/pages"}],"about":[{"href":"http:\/\/oesc-cseo.org\/fr-ca\/wp-json\/wp\/v2\/types\/page"}],"author":[{"embeddable":true,"href":"http:\/\/oesc-cseo.org\/fr-ca\/wp-json\/wp\/v2\/users\/4"}],"replies":[{"embeddable":true,"href":"http:\/\/oesc-cseo.org\/fr-ca\/wp-json\/wp\/v2\/comments?post=552"}],"version-history":[{"count":0,"href":"http:\/\/oesc-cseo.org\/fr-ca\/wp-json\/wp\/v2\/pages\/552\/revisions"}],"up":[{"embeddable":true,"href":"http:\/\/oesc-cseo.org\/fr-ca\/wp-json\/wp\/v2\/pages\/454"}],"wp:attachment":[{"href":"http:\/\/oesc-cseo.org\/fr-ca\/wp-json\/wp\/v2\/media?parent=552"}],"curies":[{"name":"wp","href":"https:\/\/api.w.org\/{rel}","templated":true}]}}